{"id":2234,"date":"2024-12-20T11:12:00","date_gmt":"2024-12-20T11:12:00","guid":{"rendered":"https:\/\/geoparktransmanche.org\/?page_id=2234"},"modified":"2025-07-21T11:59:42","modified_gmt":"2025-07-21T11:59:42","slug":"educational-animations","status":"publish","type":"page","link":"https:\/\/geoparktransmanche.org\/en\/learning\/educational-animations\/","title":{"rendered":"Educational Animations"},"content":{"rendered":"<p><strong>How is chalk formed? What is a fossil? Why is there a sea between England and France?<\/strong><br \/>\nThe <strong>G\u00e9od\u00e9O<\/strong> series is here to answer your questions!<\/p>\n<p><span data-teams=\"true\">G\u00e9od\u00e9O is part of the Geodiversity Action Plan for the Hauts-de-France region, jointly led by the Conservatoire d&#8217;Espaces Naturels des Hauts-de-France and DREAL Hauts-de-France. This collection, designed to evolve and grow over time, is aimed at both geology enthusiasts and anyone curious to understand how our landscapes were formed and to learn more about our history.<\/span><\/p>\n<p>Scroll down further to find another video on the \u2018Megaflood\u2019, created by artist Temujen Gunawardena and narrated by Professor Sanjeev Gupta, one of the scientists who proved that the Megaflood occurred!<\/p>\n<p>Below, you\u2019ll find a selection of our animated films\u2014and many more available here : <a href=\"https:\/\/geoparktransmanche.org\/fr\/events\/aupres-de-mon-arbre\/\">[G\u00e9od\u00e9O Educational Tools \u2013 YouTube]<\/a> !<\/p>\n<p>(Don\u2019t miss the English versions of these short films!)<\/p>\n<p>&nbsp;<\/p>\n<p>Download the G\u00e9od\u00e9O tools here : <a href=\"https:\/\/framaforms.org\/telechargement-de-geodeo-1741781629\"> [G\u00e9od\u00e9O Download | Framaforms.org]<\/a><\/p>\n<p>Want to learn more about G\u00e9od\u00e9O and the CEN? Visit : <a href=\"https:\/\/www.cen-hautsdefrance.org\/projets-en-cen\/geodeo#5\">G\u00e9od\u00e9O | Conservatoire d\u2019espaces naturels des Hauts-de-France<\/a><\/p>\n<p>&nbsp;<\/p>\n<p><strong>Mountains in the Geopark!<\/strong><\/p>\n<div class=\"video_holder column-block\">\n<div class=\"flex-video widescreen\"><iframe loading=\"lazy\" title=\"G\u00e9od\u00e9O : Des montagnes en Hauts-de-France ! \/ Engl.\" width=\"500\" height=\"281\" src=\"https:\/\/www.youtube.com\/embed\/9MTLf_ng8pE?feature=oembed\"  allow=\"accelerometer; autoplay; clipboard-write; encrypted-media; gyroscope; picture-in-picture; web-share\" referrerpolicy=\"strict-origin-when-cross-origin\" allowfullscreen><\/iframe><\/div>\n<\/div>\n<p>&nbsp;<\/p>\n<p><strong>What is chalk?<\/strong><\/p>\n<div class=\"video_holder column-block\">\n<div class=\"flex-video widescreen\"><iframe loading=\"lazy\" title=\"G\u00e9od\u00e9O : La formation de la craie \/ Engl.\" width=\"500\" height=\"281\" src=\"https:\/\/www.youtube.com\/embed\/pbphcV1Sv0I?feature=oembed\"  allow=\"accelerometer; autoplay; clipboard-write; encrypted-media; gyroscope; picture-in-picture; web-share\" referrerpolicy=\"strict-origin-when-cross-origin\" allowfullscreen><\/iframe><\/div>\n<\/div>\n<p>&nbsp;<\/p>\n<p><strong>Megaflood &amp; the opening of the Strait (or, how the English Channel was formed!)<\/strong><\/p>\n<div class=\"video_holder column-block\">\n<div class=\"flex-video widescreen\"><iframe loading=\"lazy\" title=\"G\u00e9od\u00e9O : L&#039;ouverture du d\u00e9troit du Pas de Calais \/ Engl.\" width=\"500\" height=\"281\" src=\"https:\/\/www.youtube.com\/embed\/4_l4qKwGgIo?feature=oembed\"  allow=\"accelerometer; autoplay; clipboard-write; encrypted-media; gyroscope; picture-in-picture; web-share\" referrerpolicy=\"strict-origin-when-cross-origin\" allowfullscreen><\/iframe><\/div>\n<\/div>\n<div class=\"video_holder column-block\">\n<div class=\"flex-video widescreen\"><iframe loading=\"lazy\" title=\"Megaflood   The Story of the Cross Channel Geopark\" width=\"500\" height=\"281\" src=\"https:\/\/www.youtube.com\/embed\/jcqMd07ZHL8?feature=oembed\"  allow=\"accelerometer; autoplay; clipboard-write; encrypted-media; gyroscope; picture-in-picture; web-share\" referrerpolicy=\"strict-origin-when-cross-origin\" allowfullscreen><\/iframe><\/div>\n<\/div>\n<p>\u00a9L\u2019atelier monde\/CEN HDF\/DREAL HDF<\/p>\n<p>&nbsp;<\/p>\n<p><img loading=\"lazy\" decoding=\"async\" class=\"alignnone wp-image-2218\" src=\"https:\/\/geoparktransmanche.org\/wp-content\/uploads\/2024\/12\/GeoDeoFundingLogos-300x291.jpg\" alt=\"GeoDeoFundingLogos\" width=\"751\" height=\"728\" srcset=\"https:\/\/geoparktransmanche.org\/wp-content\/uploads\/2024\/12\/GeoDeoFundingLogos-300x291.jpg 300w, https:\/\/geoparktransmanche.org\/wp-content\/uploads\/2024\/12\/GeoDeoFundingLogos.jpg 594w\" sizes=\"(max-width: 751px) 100vw, 751px\" \/><\/p>\n","protected":false},"excerpt":{"rendered":"<p>How is chalk formed? What is a fossil? Why is there a sea between England and France? The G\u00e9od\u00e9O series is here to answer your questions! G\u00e9od\u00e9O is part of&#8230;<\/p>\n","protected":false},"author":6,"featured_media":0,"parent":782,"menu_order":0,"comment_status":"closed","ping_status":"closed","template":"","meta":{"_acf_changed":false,"footnotes":""},"class_list":["post-2234","page","type-page","status-publish","hentry"],"acf":[],"yoast_head":"<!-- This site is optimized with the Yoast SEO plugin v27.4 - https:\/\/yoast.com\/product\/yoast-seo-wordpress\/ -->\n<title>Educational Animations | Cross-Channel Geopark<\/title>\n<meta name=\"description\" content=\"%\" \/>\n<meta name=\"robots\" content=\"index, follow, max-snippet:-1, max-image-preview:large, max-video-preview:-1\" \/>\n<link rel=\"canonical\" href=\"https:\/\/geoparktransmanche.org\/en\/learning\/educational-animations\/\" \/>\n<meta property=\"og:locale\" content=\"en_GB\" \/>\n<meta property=\"og:type\" content=\"article\" \/>\n<meta property=\"og:title\" content=\"Educational Animations | Cross-Channel Geopark\" \/>\n<meta property=\"og:description\" content=\"%\" \/>\n<meta property=\"og:url\" content=\"https:\/\/geoparktransmanche.org\/en\/learning\/educational-animations\/\" \/>\n<meta property=\"og:site_name\" content=\"Cross-Channel Geopark\" \/>\n<meta property=\"article:publisher\" content=\"https:\/\/www.facebook.com\/geoparktransmanche\" \/>\n<meta property=\"article:modified_time\" content=\"2025-07-21T11:59:42+00:00\" \/>\n<meta property=\"og:image\" content=\"https:\/\/geoparktransmanche.org\/wp-content\/uploads\/2024\/12\/GeoDeoFundingLogos.jpg\" \/>\n\t<meta property=\"og:image:width\" content=\"594\" \/>\n\t<meta property=\"og:image:height\" content=\"577\" \/>\n\t<meta property=\"og:image:type\" content=\"image\/jpeg\" \/>\n<meta name=\"twitter:card\" content=\"summary_large_image\" \/>\n<meta name=\"twitter:label1\" content=\"Estimated reading time\" \/>\n\t<meta name=\"twitter:data1\" content=\"2 minutes\" \/>\n<script type=\"application\/ld+json\" class=\"yoast-schema-graph\">{\"@context\":\"https:\\\/\\\/schema.org\",\"@graph\":[{\"@type\":\"WebPage\",\"@id\":\"https:\\\/\\\/geoparktransmanche.org\\\/en\\\/learning\\\/educational-animations\\\/\",\"url\":\"https:\\\/\\\/geoparktransmanche.org\\\/en\\\/learning\\\/educational-animations\\\/\",\"name\":\"Educational Animations | Cross-Channel Geopark\",\"isPartOf\":{\"@id\":\"https:\\\/\\\/geoparktransmanche.org\\\/en\\\/#website\"},\"primaryImageOfPage\":{\"@id\":\"https:\\\/\\\/geoparktransmanche.org\\\/en\\\/learning\\\/educational-animations\\\/#primaryimage\"},\"image\":{\"@id\":\"https:\\\/\\\/geoparktransmanche.org\\\/en\\\/learning\\\/educational-animations\\\/#primaryimage\"},\"thumbnailUrl\":\"https:\\\/\\\/geoparktransmanche.org\\\/wp-content\\\/uploads\\\/2024\\\/12\\\/GeoDeoFundingLogos-300x291.jpg\",\"datePublished\":\"2024-12-20T11:12:00+00:00\",\"dateModified\":\"2025-07-21T11:59:42+00:00\",\"description\":\"%\",\"breadcrumb\":{\"@id\":\"https:\\\/\\\/geoparktransmanche.org\\\/en\\\/learning\\\/educational-animations\\\/#breadcrumb\"},\"inLanguage\":\"en-GB\",\"potentialAction\":[{\"@type\":\"ReadAction\",\"target\":[\"https:\\\/\\\/geoparktransmanche.org\\\/en\\\/learning\\\/educational-animations\\\/\"]}]},{\"@type\":\"ImageObject\",\"inLanguage\":\"en-GB\",\"@id\":\"https:\\\/\\\/geoparktransmanche.org\\\/en\\\/learning\\\/educational-animations\\\/#primaryimage\",\"url\":\"https:\\\/\\\/geoparktransmanche.org\\\/wp-content\\\/uploads\\\/2024\\\/12\\\/GeoDeoFundingLogos-300x291.jpg\",\"contentUrl\":\"https:\\\/\\\/geoparktransmanche.org\\\/wp-content\\\/uploads\\\/2024\\\/12\\\/GeoDeoFundingLogos-300x291.jpg\"},{\"@type\":\"BreadcrumbList\",\"@id\":\"https:\\\/\\\/geoparktransmanche.org\\\/en\\\/learning\\\/educational-animations\\\/#breadcrumb\",\"itemListElement\":[{\"@type\":\"ListItem\",\"position\":1,\"name\":\"Home\",\"item\":\"https:\\\/\\\/geoparktransmanche.org\\\/en\\\/\"},{\"@type\":\"ListItem\",\"position\":2,\"name\":\"Learning\",\"item\":\"https:\\\/\\\/geoparktransmanche.org\\\/en\\\/learning\\\/\"},{\"@type\":\"ListItem\",\"position\":3,\"name\":\"Educational Animations\"}]},{\"@type\":\"WebSite\",\"@id\":\"https:\\\/\\\/geoparktransmanche.org\\\/en\\\/#website\",\"url\":\"https:\\\/\\\/geoparktransmanche.org\\\/en\\\/\",\"name\":\"Cross-Channel Geopark\",\"description\":\"\",\"potentialAction\":[{\"@type\":\"SearchAction\",\"target\":{\"@type\":\"EntryPoint\",\"urlTemplate\":\"https:\\\/\\\/geoparktransmanche.org\\\/en\\\/?s={search_term_string}\"},\"query-input\":{\"@type\":\"PropertyValueSpecification\",\"valueRequired\":true,\"valueName\":\"search_term_string\"}}],\"inLanguage\":\"en-GB\"}]}<\/script>\n<!-- \/ Yoast SEO plugin. -->","yoast_head_json":{"title":"Educational Animations | Cross-Channel Geopark","description":"%","robots":{"index":"index","follow":"follow","max-snippet":"max-snippet:-1","max-image-preview":"max-image-preview:large","max-video-preview":"max-video-preview:-1"},"canonical":"https:\/\/geoparktransmanche.org\/en\/learning\/educational-animations\/","og_locale":"en_GB","og_type":"article","og_title":"Educational Animations | Cross-Channel Geopark","og_description":"%","og_url":"https:\/\/geoparktransmanche.org\/en\/learning\/educational-animations\/","og_site_name":"Cross-Channel Geopark","article_publisher":"https:\/\/www.facebook.com\/geoparktransmanche","article_modified_time":"2025-07-21T11:59:42+00:00","og_image":[{"width":594,"height":577,"url":"https:\/\/geoparktransmanche.org\/wp-content\/uploads\/2024\/12\/GeoDeoFundingLogos.jpg","type":"image\/jpeg"}],"twitter_card":"summary_large_image","twitter_misc":{"Estimated reading time":"2 minutes"},"schema":{"@context":"https:\/\/schema.org","@graph":[{"@type":"WebPage","@id":"https:\/\/geoparktransmanche.org\/en\/learning\/educational-animations\/","url":"https:\/\/geoparktransmanche.org\/en\/learning\/educational-animations\/","name":"Educational Animations | Cross-Channel Geopark","isPartOf":{"@id":"https:\/\/geoparktransmanche.org\/en\/#website"},"primaryImageOfPage":{"@id":"https:\/\/geoparktransmanche.org\/en\/learning\/educational-animations\/#primaryimage"},"image":{"@id":"https:\/\/geoparktransmanche.org\/en\/learning\/educational-animations\/#primaryimage"},"thumbnailUrl":"https:\/\/geoparktransmanche.org\/wp-content\/uploads\/2024\/12\/GeoDeoFundingLogos-300x291.jpg","datePublished":"2024-12-20T11:12:00+00:00","dateModified":"2025-07-21T11:59:42+00:00","description":"%","breadcrumb":{"@id":"https:\/\/geoparktransmanche.org\/en\/learning\/educational-animations\/#breadcrumb"},"inLanguage":"en-GB","potentialAction":[{"@type":"ReadAction","target":["https:\/\/geoparktransmanche.org\/en\/learning\/educational-animations\/"]}]},{"@type":"ImageObject","inLanguage":"en-GB","@id":"https:\/\/geoparktransmanche.org\/en\/learning\/educational-animations\/#primaryimage","url":"https:\/\/geoparktransmanche.org\/wp-content\/uploads\/2024\/12\/GeoDeoFundingLogos-300x291.jpg","contentUrl":"https:\/\/geoparktransmanche.org\/wp-content\/uploads\/2024\/12\/GeoDeoFundingLogos-300x291.jpg"},{"@type":"BreadcrumbList","@id":"https:\/\/geoparktransmanche.org\/en\/learning\/educational-animations\/#breadcrumb","itemListElement":[{"@type":"ListItem","position":1,"name":"Home","item":"https:\/\/geoparktransmanche.org\/en\/"},{"@type":"ListItem","position":2,"name":"Learning","item":"https:\/\/geoparktransmanche.org\/en\/learning\/"},{"@type":"ListItem","position":3,"name":"Educational Animations"}]},{"@type":"WebSite","@id":"https:\/\/geoparktransmanche.org\/en\/#website","url":"https:\/\/geoparktransmanche.org\/en\/","name":"Cross-Channel Geopark","description":"","potentialAction":[{"@type":"SearchAction","target":{"@type":"EntryPoint","urlTemplate":"https:\/\/geoparktransmanche.org\/en\/?s={search_term_string}"},"query-input":{"@type":"PropertyValueSpecification","valueRequired":true,"valueName":"search_term_string"}}],"inLanguage":"en-GB"}]}},"_links":{"self":[{"href":"https:\/\/geoparktransmanche.org\/en\/wp-json\/wp\/v2\/pages\/2234","targetHints":{"allow":["GET"]}}],"collection":[{"href":"https:\/\/geoparktransmanche.org\/en\/wp-json\/wp\/v2\/pages"}],"about":[{"href":"https:\/\/geoparktransmanche.org\/en\/wp-json\/wp\/v2\/types\/page"}],"author":[{"embeddable":true,"href":"https:\/\/geoparktransmanche.org\/en\/wp-json\/wp\/v2\/users\/6"}],"replies":[{"embeddable":true,"href":"https:\/\/geoparktransmanche.org\/en\/wp-json\/wp\/v2\/comments?post=2234"}],"version-history":[{"count":8,"href":"https:\/\/geoparktransmanche.org\/en\/wp-json\/wp\/v2\/pages\/2234\/revisions"}],"predecessor-version":[{"id":4884,"href":"https:\/\/geoparktransmanche.org\/en\/wp-json\/wp\/v2\/pages\/2234\/revisions\/4884"}],"up":[{"embeddable":true,"href":"https:\/\/geoparktransmanche.org\/en\/wp-json\/wp\/v2\/pages\/782"}],"wp:attachment":[{"href":"https:\/\/geoparktransmanche.org\/en\/wp-json\/wp\/v2\/media?parent=2234"}],"curies":[{"name":"wp","href":"https:\/\/api.w.org\/{rel}","templated":true}]}}