{"id":8168,"date":"2026-03-31T14:14:40","date_gmt":"2026-03-31T14:14:40","guid":{"rendered":"https:\/\/geoparktransmanche.org\/cafes-geodeo\/"},"modified":"2026-04-03T08:39:01","modified_gmt":"2026-04-03T08:39:01","slug":"cafes-geodeo","status":"publish","type":"page","link":"https:\/\/geoparktransmanche.org\/en\/learning\/cafes-geodeo\/","title":{"rendered":"Caf\u00e9s G\u00e9od\u00e9O"},"content":{"rendered":"<p><strong>Caf\u00e9s G\u00e9od\u00e9O : webinars to explore geodiversity<\/strong><\/p>\n<p>Caf\u00e9s G\u00e9od\u00e9O\u00a0are a series of webinars presented in French held throughout the year to help participants better understand and explore the geodiversity of the Hauts-de-France region.<\/p>\n<p>These online sessions provide an opportunity to discover the G\u00e9od\u00e9O tools, deepen your knowledge and discuss topics related to geology, landscapes and the region\u2019s natural heritage.<\/p>\n<p>Organised by the<span style=\"font-size: inherit;\">\u00a0<\/span><strong style=\"font-size: inherit;\"><a href=\"https:\/\/www.cen-hautsdefrance.org\/\">Conservatoire d\u2019espaces naturels des Hauts-de-France<\/a><\/strong><span style=\"font-size: inherit;\"> and <\/span><strong style=\"font-size: inherit;\">DREAL Hauts-de-France<\/strong><span style=\"font-size: inherit;\">, Caf\u00e9s G\u00e9od\u00e9O\u00a0<\/span>regularly invite experts to share their knowledge and work through presentations open to all.<\/p>\n<p>Each session takes the form of a webinar and consists of a presentation followed by a discussion with participants. As places are limited, advance registration is usually required to attend the live broadcast. Upcoming sessions are announced in our\u00a0 <strong style=\"font-size: inherit;\"><a href=\"https:\/\/geoparktransmanche.org\/en\/events\/\">events calendar<\/a><\/strong><span style=\"font-size: inherit;\">.<\/span><\/p>\n<p>&nbsp;<\/p>\n<p><strong>Watch previous Caf\u00e9s G\u00e9od\u00e9O recordings<\/strong><\/p>\n<p>The webinars are recorded so that everyone can view the presentations after they have been broadcast. The recordings are available on <a href=\"https:\/\/www.youtube.com\/@conservatoiredespacesnatur2993\">the Conservatoire&#8217;s YouTube channel<\/a>.<\/p>\n<p>Watch the latest Caf\u00e9 G\u00e9od\u00e9O broadcast \u2013 5 March 2026:<\/p>\n<div class=\"video_holder column-block\">\n<div class=\"flex-video widescreen\"><iframe loading=\"lazy\" title=\"Cafe\u0301 Ge\u0301ode\u0301O - 5 mars 2026\" width=\"500\" height=\"281\" src=\"https:\/\/www.youtube.com\/embed\/8ge23gRkVDs?feature=oembed\"  allow=\"accelerometer; autoplay; clipboard-write; encrypted-media; gyroscope; picture-in-picture; web-share\" referrerpolicy=\"strict-origin-when-cross-origin\" allowfullscreen><\/iframe><\/div>\n<\/div>\n","protected":false},"excerpt":{"rendered":"<p>Caf\u00e9s G\u00e9od\u00e9O : webinars to explore geodiversity Caf\u00e9s G\u00e9od\u00e9O\u00a0are a series of webinars presented in French held throughout the year to help participants better understand and explore the geodiversity of&#8230;<\/p>\n","protected":false},"author":4,"featured_media":0,"parent":782,"menu_order":0,"comment_status":"closed","ping_status":"closed","template":"","meta":{"_acf_changed":false,"footnotes":""},"class_list":["post-8168","page","type-page","status-publish","hentry"],"acf":[],"yoast_head":"<!-- This site is optimized with the Yoast SEO plugin v27.3 - https:\/\/yoast.com\/product\/yoast-seo-wordpress\/ -->\n<title>Caf\u00e9s G\u00e9od\u00e9O | Cross-Channel Geopark<\/title>\n<meta name=\"description\" content=\"%\" \/>\n<meta name=\"robots\" content=\"index, follow, max-snippet:-1, max-image-preview:large, max-video-preview:-1\" \/>\n<link rel=\"canonical\" href=\"https:\/\/geoparktransmanche.org\/en\/learning\/cafes-geodeo\/\" \/>\n<meta property=\"og:locale\" content=\"en_GB\" \/>\n<meta property=\"og:type\" content=\"article\" \/>\n<meta property=\"og:title\" content=\"Caf\u00e9s G\u00e9od\u00e9O | Cross-Channel Geopark\" \/>\n<meta property=\"og:description\" content=\"%\" \/>\n<meta property=\"og:url\" content=\"https:\/\/geoparktransmanche.org\/en\/learning\/cafes-geodeo\/\" \/>\n<meta property=\"og:site_name\" content=\"Cross-Channel Geopark\" \/>\n<meta property=\"article:publisher\" content=\"https:\/\/www.facebook.com\/geoparktransmanche\" \/>\n<meta property=\"article:modified_time\" content=\"2026-04-03T08:39:01+00:00\" \/>\n<meta name=\"twitter:card\" content=\"summary_large_image\" \/>\n<meta name=\"twitter:label1\" content=\"Estimated reading time\" \/>\n\t<meta name=\"twitter:data1\" content=\"1 minute\" \/>\n<script type=\"application\/ld+json\" class=\"yoast-schema-graph\">{\"@context\":\"https:\\\/\\\/schema.org\",\"@graph\":[{\"@type\":\"WebPage\",\"@id\":\"https:\\\/\\\/geoparktransmanche.org\\\/en\\\/learning\\\/cafes-geodeo\\\/\",\"url\":\"https:\\\/\\\/geoparktransmanche.org\\\/en\\\/learning\\\/cafes-geodeo\\\/\",\"name\":\"Caf\u00e9s G\u00e9od\u00e9O | Cross-Channel Geopark\",\"isPartOf\":{\"@id\":\"https:\\\/\\\/geoparktransmanche.org\\\/en\\\/#website\"},\"datePublished\":\"2026-03-31T14:14:40+00:00\",\"dateModified\":\"2026-04-03T08:39:01+00:00\",\"description\":\"%\",\"breadcrumb\":{\"@id\":\"https:\\\/\\\/geoparktransmanche.org\\\/en\\\/learning\\\/cafes-geodeo\\\/#breadcrumb\"},\"inLanguage\":\"en-GB\",\"potentialAction\":[{\"@type\":\"ReadAction\",\"target\":[\"https:\\\/\\\/geoparktransmanche.org\\\/en\\\/learning\\\/cafes-geodeo\\\/\"]}]},{\"@type\":\"BreadcrumbList\",\"@id\":\"https:\\\/\\\/geoparktransmanche.org\\\/en\\\/learning\\\/cafes-geodeo\\\/#breadcrumb\",\"itemListElement\":[{\"@type\":\"ListItem\",\"position\":1,\"name\":\"Home\",\"item\":\"https:\\\/\\\/geoparktransmanche.org\\\/en\\\/\"},{\"@type\":\"ListItem\",\"position\":2,\"name\":\"Learning\",\"item\":\"https:\\\/\\\/geoparktransmanche.org\\\/en\\\/learning\\\/\"},{\"@type\":\"ListItem\",\"position\":3,\"name\":\"Caf\u00e9s G\u00e9od\u00e9O\"}]},{\"@type\":\"WebSite\",\"@id\":\"https:\\\/\\\/geoparktransmanche.org\\\/en\\\/#website\",\"url\":\"https:\\\/\\\/geoparktransmanche.org\\\/en\\\/\",\"name\":\"Cross-Channel Geopark\",\"description\":\"\",\"potentialAction\":[{\"@type\":\"SearchAction\",\"target\":{\"@type\":\"EntryPoint\",\"urlTemplate\":\"https:\\\/\\\/geoparktransmanche.org\\\/en\\\/?s={search_term_string}\"},\"query-input\":{\"@type\":\"PropertyValueSpecification\",\"valueRequired\":true,\"valueName\":\"search_term_string\"}}],\"inLanguage\":\"en-GB\"}]}<\/script>\n<!-- \/ Yoast SEO plugin. -->","yoast_head_json":{"title":"Caf\u00e9s G\u00e9od\u00e9O | Cross-Channel Geopark","description":"%","robots":{"index":"index","follow":"follow","max-snippet":"max-snippet:-1","max-image-preview":"max-image-preview:large","max-video-preview":"max-video-preview:-1"},"canonical":"https:\/\/geoparktransmanche.org\/en\/learning\/cafes-geodeo\/","og_locale":"en_GB","og_type":"article","og_title":"Caf\u00e9s G\u00e9od\u00e9O | Cross-Channel Geopark","og_description":"%","og_url":"https:\/\/geoparktransmanche.org\/en\/learning\/cafes-geodeo\/","og_site_name":"Cross-Channel Geopark","article_publisher":"https:\/\/www.facebook.com\/geoparktransmanche","article_modified_time":"2026-04-03T08:39:01+00:00","twitter_card":"summary_large_image","twitter_misc":{"Estimated reading time":"1 minute"},"schema":{"@context":"https:\/\/schema.org","@graph":[{"@type":"WebPage","@id":"https:\/\/geoparktransmanche.org\/en\/learning\/cafes-geodeo\/","url":"https:\/\/geoparktransmanche.org\/en\/learning\/cafes-geodeo\/","name":"Caf\u00e9s G\u00e9od\u00e9O | Cross-Channel Geopark","isPartOf":{"@id":"https:\/\/geoparktransmanche.org\/en\/#website"},"datePublished":"2026-03-31T14:14:40+00:00","dateModified":"2026-04-03T08:39:01+00:00","description":"%","breadcrumb":{"@id":"https:\/\/geoparktransmanche.org\/en\/learning\/cafes-geodeo\/#breadcrumb"},"inLanguage":"en-GB","potentialAction":[{"@type":"ReadAction","target":["https:\/\/geoparktransmanche.org\/en\/learning\/cafes-geodeo\/"]}]},{"@type":"BreadcrumbList","@id":"https:\/\/geoparktransmanche.org\/en\/learning\/cafes-geodeo\/#breadcrumb","itemListElement":[{"@type":"ListItem","position":1,"name":"Home","item":"https:\/\/geoparktransmanche.org\/en\/"},{"@type":"ListItem","position":2,"name":"Learning","item":"https:\/\/geoparktransmanche.org\/en\/learning\/"},{"@type":"ListItem","position":3,"name":"Caf\u00e9s G\u00e9od\u00e9O"}]},{"@type":"WebSite","@id":"https:\/\/geoparktransmanche.org\/en\/#website","url":"https:\/\/geoparktransmanche.org\/en\/","name":"Cross-Channel Geopark","description":"","potentialAction":[{"@type":"SearchAction","target":{"@type":"EntryPoint","urlTemplate":"https:\/\/geoparktransmanche.org\/en\/?s={search_term_string}"},"query-input":{"@type":"PropertyValueSpecification","valueRequired":true,"valueName":"search_term_string"}}],"inLanguage":"en-GB"}]}},"_links":{"self":[{"href":"https:\/\/geoparktransmanche.org\/en\/wp-json\/wp\/v2\/pages\/8168","targetHints":{"allow":["GET"]}}],"collection":[{"href":"https:\/\/geoparktransmanche.org\/en\/wp-json\/wp\/v2\/pages"}],"about":[{"href":"https:\/\/geoparktransmanche.org\/en\/wp-json\/wp\/v2\/types\/page"}],"author":[{"embeddable":true,"href":"https:\/\/geoparktransmanche.org\/en\/wp-json\/wp\/v2\/users\/4"}],"replies":[{"embeddable":true,"href":"https:\/\/geoparktransmanche.org\/en\/wp-json\/wp\/v2\/comments?post=8168"}],"version-history":[{"count":2,"href":"https:\/\/geoparktransmanche.org\/en\/wp-json\/wp\/v2\/pages\/8168\/revisions"}],"predecessor-version":[{"id":8170,"href":"https:\/\/geoparktransmanche.org\/en\/wp-json\/wp\/v2\/pages\/8168\/revisions\/8170"}],"up":[{"embeddable":true,"href":"https:\/\/geoparktransmanche.org\/en\/wp-json\/wp\/v2\/pages\/782"}],"wp:attachment":[{"href":"https:\/\/geoparktransmanche.org\/en\/wp-json\/wp\/v2\/media?parent=8168"}],"curies":[{"name":"wp","href":"https:\/\/api.w.org\/{rel}","templated":true}]}}