{"id":2207,"date":"2024-09-12T14:12:47","date_gmt":"2024-09-12T14:12:47","guid":{"rendered":"https:\/\/geoparktransmanche.org\/pedagogie\/"},"modified":"2026-04-03T08:45:25","modified_gmt":"2026-04-03T08:45:25","slug":"pedagogie","status":"publish","type":"page","link":"https:\/\/geoparktransmanche.org\/fr\/pedagogie\/","title":{"rendered":"P\u00e9dagogie"},"content":{"rendered":"<p><strong>Vous \u00eates curieux(se) ?<\/strong><br \/>\n<strong>Vous aimez vous poser des questions sur le monde qui vous entoure et sur la fa\u00e7on dont il s\u2019est form\u00e9 ?<\/strong><\/p>\n<p>Le Geopark Transmanche est un lieu ouvert \u00e0 tous, et nous vous invitons \u00e0 venir d\u00e9couvrir la g\u00e9ologie, explorer des paysages exceptionnels, vous reconnecter \u00e0 la nature et agir pour la pr\u00e9server pour les g\u00e9n\u00e9rations futures.<\/p>\n<p>La g\u00e9ologie, c\u2019est l\u2019\u00e9tude de notre Terre. Elle r\u00e9pond \u00e0 des questions fondamentales de notre \u00e9poque : l\u2019\u00e9nergie, les ressources, le changement climatique, et les risques naturels.<\/p>\n<p>Nos ressources \u00e9ducatives ont \u00e9t\u00e9 pens\u00e9es pour accompagner chacun \u2013 que vous soyez enseignant, \u00e9ducateur, apprenant, ou simplement curieux(se) \u2013 \u00e0 comprendre et \u00e0 appr\u00e9cier la g\u00e9odiversit\u00e9, la biodiversit\u00e9 et les r\u00e9cits culturels du Geopark Transmanche.<\/p>\n<p>Consultez nos ressources via les liens ci-dessous.<\/p>\n","protected":false},"excerpt":{"rendered":"<p>Vous \u00eates curieux(se) ? Vous aimez vous poser des questions sur le monde qui vous entoure et sur la fa\u00e7on dont il s\u2019est form\u00e9 ? Le Geopark Transmanche est un&#8230;<\/p>\n","protected":false},"author":6,"featured_media":0,"parent":0,"menu_order":0,"comment_status":"closed","ping_status":"closed","template":"","meta":{"_acf_changed":false,"footnotes":""},"class_list":["post-2207","page","type-page","status-publish","hentry"],"acf":[],"yoast_head":"<!-- This site is optimized with the Yoast SEO plugin v27.5 - https:\/\/yoast.com\/product\/yoast-seo-wordpress\/ -->\n<title>P\u00e9dagogie | Geopark Transmanche<\/title>\n<meta name=\"description\" content=\"%\" \/>\n<meta name=\"robots\" content=\"index, follow, max-snippet:-1, max-image-preview:large, max-video-preview:-1\" \/>\n<link rel=\"canonical\" href=\"https:\/\/geoparktransmanche.org\/fr\/pedagogie\/\" \/>\n<meta property=\"og:locale\" content=\"fr_FR\" \/>\n<meta property=\"og:type\" content=\"article\" \/>\n<meta property=\"og:title\" content=\"P\u00e9dagogie | Geopark Transmanche\" \/>\n<meta property=\"og:description\" content=\"%\" \/>\n<meta property=\"og:url\" content=\"https:\/\/geoparktransmanche.org\/fr\/pedagogie\/\" \/>\n<meta property=\"og:site_name\" content=\"Geopark Transmanche\" \/>\n<meta property=\"article:publisher\" content=\"https:\/\/www.facebook.com\/geoparktransmanche\" \/>\n<meta property=\"article:modified_time\" content=\"2026-04-03T08:45:25+00:00\" \/>\n<meta name=\"twitter:card\" content=\"summary_large_image\" \/>\n<meta name=\"twitter:label1\" content=\"Dur\u00e9e de lecture estim\u00e9e\" \/>\n\t<meta name=\"twitter:data1\" content=\"4 minutes\" \/>\n<script type=\"application\/ld+json\" class=\"yoast-schema-graph\">{\"@context\":\"https:\\\/\\\/schema.org\",\"@graph\":[{\"@type\":\"WebPage\",\"@id\":\"https:\\\/\\\/geoparktransmanche.org\\\/fr\\\/pedagogie\\\/\",\"url\":\"https:\\\/\\\/geoparktransmanche.org\\\/fr\\\/pedagogie\\\/\",\"name\":\"P\u00e9dagogie | Geopark Transmanche\",\"isPartOf\":{\"@id\":\"https:\\\/\\\/geoparktransmanche.org\\\/fr\\\/#website\"},\"datePublished\":\"2024-09-12T14:12:47+00:00\",\"dateModified\":\"2026-04-03T08:45:25+00:00\",\"description\":\"%\",\"breadcrumb\":{\"@id\":\"https:\\\/\\\/geoparktransmanche.org\\\/fr\\\/pedagogie\\\/#breadcrumb\"},\"inLanguage\":\"fr-FR\",\"potentialAction\":[{\"@type\":\"ReadAction\",\"target\":[\"https:\\\/\\\/geoparktransmanche.org\\\/fr\\\/pedagogie\\\/\"]}]},{\"@type\":\"BreadcrumbList\",\"@id\":\"https:\\\/\\\/geoparktransmanche.org\\\/fr\\\/pedagogie\\\/#breadcrumb\",\"itemListElement\":[{\"@type\":\"ListItem\",\"position\":1,\"name\":\"Domicile\",\"item\":\"https:\\\/\\\/geoparktransmanche.org\\\/fr\\\/\"},{\"@type\":\"ListItem\",\"position\":2,\"name\":\"P\u00e9dagogie\"}]},{\"@type\":\"WebSite\",\"@id\":\"https:\\\/\\\/geoparktransmanche.org\\\/fr\\\/#website\",\"url\":\"https:\\\/\\\/geoparktransmanche.org\\\/fr\\\/\",\"name\":\"Geopark Transmanche\",\"description\":\"\",\"potentialAction\":[{\"@type\":\"SearchAction\",\"target\":{\"@type\":\"EntryPoint\",\"urlTemplate\":\"https:\\\/\\\/geoparktransmanche.org\\\/fr\\\/?s={search_term_string}\"},\"query-input\":{\"@type\":\"PropertyValueSpecification\",\"valueRequired\":true,\"valueName\":\"search_term_string\"}}],\"inLanguage\":\"fr-FR\"}]}<\/script>\n<!-- \/ Yoast SEO plugin. -->","yoast_head_json":{"title":"P\u00e9dagogie | Geopark Transmanche","description":"%","robots":{"index":"index","follow":"follow","max-snippet":"max-snippet:-1","max-image-preview":"max-image-preview:large","max-video-preview":"max-video-preview:-1"},"canonical":"https:\/\/geoparktransmanche.org\/fr\/pedagogie\/","og_locale":"fr_FR","og_type":"article","og_title":"P\u00e9dagogie | Geopark Transmanche","og_description":"%","og_url":"https:\/\/geoparktransmanche.org\/fr\/pedagogie\/","og_site_name":"Geopark Transmanche","article_publisher":"https:\/\/www.facebook.com\/geoparktransmanche","article_modified_time":"2026-04-03T08:45:25+00:00","twitter_card":"summary_large_image","twitter_misc":{"Dur\u00e9e de lecture estim\u00e9e":"4 minutes"},"schema":{"@context":"https:\/\/schema.org","@graph":[{"@type":"WebPage","@id":"https:\/\/geoparktransmanche.org\/fr\/pedagogie\/","url":"https:\/\/geoparktransmanche.org\/fr\/pedagogie\/","name":"P\u00e9dagogie | Geopark Transmanche","isPartOf":{"@id":"https:\/\/geoparktransmanche.org\/fr\/#website"},"datePublished":"2024-09-12T14:12:47+00:00","dateModified":"2026-04-03T08:45:25+00:00","description":"%","breadcrumb":{"@id":"https:\/\/geoparktransmanche.org\/fr\/pedagogie\/#breadcrumb"},"inLanguage":"fr-FR","potentialAction":[{"@type":"ReadAction","target":["https:\/\/geoparktransmanche.org\/fr\/pedagogie\/"]}]},{"@type":"BreadcrumbList","@id":"https:\/\/geoparktransmanche.org\/fr\/pedagogie\/#breadcrumb","itemListElement":[{"@type":"ListItem","position":1,"name":"Domicile","item":"https:\/\/geoparktransmanche.org\/fr\/"},{"@type":"ListItem","position":2,"name":"P\u00e9dagogie"}]},{"@type":"WebSite","@id":"https:\/\/geoparktransmanche.org\/fr\/#website","url":"https:\/\/geoparktransmanche.org\/fr\/","name":"Geopark Transmanche","description":"","potentialAction":[{"@type":"SearchAction","target":{"@type":"EntryPoint","urlTemplate":"https:\/\/geoparktransmanche.org\/fr\/?s={search_term_string}"},"query-input":{"@type":"PropertyValueSpecification","valueRequired":true,"valueName":"search_term_string"}}],"inLanguage":"fr-FR"}]}},"_links":{"self":[{"href":"https:\/\/geoparktransmanche.org\/fr\/wp-json\/wp\/v2\/pages\/2207","targetHints":{"allow":["GET"]}}],"collection":[{"href":"https:\/\/geoparktransmanche.org\/fr\/wp-json\/wp\/v2\/pages"}],"about":[{"href":"https:\/\/geoparktransmanche.org\/fr\/wp-json\/wp\/v2\/types\/page"}],"author":[{"embeddable":true,"href":"https:\/\/geoparktransmanche.org\/fr\/wp-json\/wp\/v2\/users\/6"}],"replies":[{"embeddable":true,"href":"https:\/\/geoparktransmanche.org\/fr\/wp-json\/wp\/v2\/comments?post=2207"}],"version-history":[{"count":16,"href":"https:\/\/geoparktransmanche.org\/fr\/wp-json\/wp\/v2\/pages\/2207\/revisions"}],"predecessor-version":[{"id":8173,"href":"https:\/\/geoparktransmanche.org\/fr\/wp-json\/wp\/v2\/pages\/2207\/revisions\/8173"}],"wp:attachment":[{"href":"https:\/\/geoparktransmanche.org\/fr\/wp-json\/wp\/v2\/media?parent=2207"}],"curies":[{"name":"wp","href":"https:\/\/api.w.org\/{rel}","templated":true}]}}