{"id":2244,"date":"2024-12-20T11:12:00","date_gmt":"2024-12-20T11:12:00","guid":{"rendered":"https:\/\/geoparktransmanche.org\/animations-educatives\/"},"modified":"2026-02-11T10:25:07","modified_gmt":"2026-02-11T10:25:07","slug":"animations-educatives","status":"publish","type":"page","link":"https:\/\/geoparktransmanche.org\/fr\/pedagogie\/animations-educatives\/","title":{"rendered":"Mini-films"},"content":{"rendered":"<p><strong>Comment se forme la craie ? Qu&rsquo;est-ce qu&rsquo;un fossile ? Pourquoi y a-t-il une mer entre l&rsquo;Angleterre et la France ?<\/strong><br \/>\nLa s\u00e9rie <strong>G\u00e9od\u00e9O\u00a0<\/strong>est l\u00e0 pour r\u00e9pondre \u00e0 vos questions !<\/p>\n<p>G\u00e9od\u00e9O fait partie du Plan d&rsquo;Action G\u00e9odiversit\u00e9 des Hauts-de-France, dirig\u00e9 par le Conservatoire d&rsquo;Espaces Naturels et la DREAL Hauts-de-France. Cette collection, en constante \u00e9volution, s\u2019adresse \u00e0 la fois aux passionn\u00e9s de g\u00e9ologie et \u00e0 tous ceux qui souhaitent comprendre la formation de nos paysages et en apprendre davantage sur notre histoire.<\/p>\n<p>Retrouvez ci-dessous quelques uns des films d&rsquo;animations propos\u00e9s, et bien d&rsquo;autres encore juste ici : <a href=\"https:\/\/www.youtube.com\/playlist?list=PLS5jAcXhZQstNo6PMG-km75NQf3LMj9yE\">Les outils p\u00e9dagogiques G\u00e9od\u00e9O &#8211; YouTube<\/a> !<\/p>\n<p>(Ne ratez pas la version anglaise de ces mini-films !)<\/p>\n<p>&nbsp;<\/p>\n<h2>T\u00e9l\u00e9chargez les outils G\u00e9od\u00e9o ici :\u00a0<a href=\"https:\/\/framaforms.org\/telechargement-de-geodeo-1741781629\">T\u00e9l\u00e9chargement de G\u00e9od\u00e9O | Framaforms.org<\/a><\/h2>\n<h2>Envie d\u2019en d\u00e9couvrir plus sur G\u00e9od\u00e9O et le CEN ? Rendez-vous ici :\u00a0<a href=\"https:\/\/www.cen-hautsdefrance.org\/projets-en-cen\/geodeo#5\">G\u00e9od\u00e9O | Conservatoire d\u2019espaces naturels des Hauts-de-France<\/a><\/h2>\n<p>&nbsp;<\/p>\n<p><strong>Des montagnes dans le Geopark !<\/strong><\/p>\n<div class=\"video_holder column-block\">\n<div class=\"flex-video widescreen\"><iframe loading=\"lazy\" title=\"G\u00e9od\u00e9O : Des montagnes en Hauts-de-France ! \/ Fr.\" width=\"500\" height=\"281\" src=\"https:\/\/www.youtube.com\/embed\/5p3B7TMg3cI?feature=oembed\"  allow=\"accelerometer; autoplay; clipboard-write; encrypted-media; gyroscope; picture-in-picture; web-share\" referrerpolicy=\"strict-origin-when-cross-origin\" allowfullscreen><\/iframe><\/div>\n<\/div>\n<p>&nbsp;<\/p>\n<p><strong>Qu\u2019est-ce que la craie ?<\/strong><\/p>\n<div class=\"video_holder column-block\">\n<div class=\"flex-video widescreen\"><iframe loading=\"lazy\" title=\"G\u00e9od\u00e9O : La formation de la craie \/ Fr.\" width=\"500\" height=\"281\" src=\"https:\/\/www.youtube.com\/embed\/iTbGiGr56GU?feature=oembed\"  allow=\"accelerometer; autoplay; clipboard-write; encrypted-media; gyroscope; picture-in-picture; web-share\" referrerpolicy=\"strict-origin-when-cross-origin\" allowfullscreen><\/iframe><\/div>\n<\/div>\n<p>&nbsp;<\/p>\n<p><strong>L&rsquo;ouverture du d\u00e9troit (ou, comment la Manche s\u2019est form\u00e9e !)<\/strong><\/p>\n<div class=\"video_holder column-block\">\n<div class=\"flex-video widescreen\"><iframe loading=\"lazy\" title=\"G\u00e9od\u00e9O : L&#039;ouverture du d\u00e9troit du Pas de Calais \/ Fr.\" width=\"500\" height=\"281\" src=\"https:\/\/www.youtube.com\/embed\/bjtsi1j43bg?feature=oembed\"  allow=\"accelerometer; autoplay; clipboard-write; encrypted-media; gyroscope; picture-in-picture; web-share\" referrerpolicy=\"strict-origin-when-cross-origin\" allowfullscreen><\/iframe><\/div>\n<\/div>\n<p>\u00a9L\u2019atelier monde\/CEN HDF\/DREAL HDF<\/p>\n<p>&nbsp;<\/p>\n<p><img loading=\"lazy\" decoding=\"async\" class=\"wp-image-2218 alignleft\" style=\"font-size: 1.125rem;\" src=\"https:\/\/geoparktransmanche.org\/wp-content\/uploads\/2024\/12\/GeoDeoFundingLogos-300x291.jpg\" alt=\"GeoDeoFundingLogos\" width=\"751\" height=\"728\" srcset=\"https:\/\/geoparktransmanche.org\/wp-content\/uploads\/2024\/12\/GeoDeoFundingLogos-300x291.jpg 300w, https:\/\/geoparktransmanche.org\/wp-content\/uploads\/2024\/12\/GeoDeoFundingLogos.jpg 594w\" sizes=\"(max-width: 751px) 100vw, 751px\" \/><\/p>\n","protected":false},"excerpt":{"rendered":"<p>Comment se forme la craie ? Qu&rsquo;est-ce qu&rsquo;un fossile ? Pourquoi y a-t-il une mer entre l&rsquo;Angleterre et la France ? La s\u00e9rie G\u00e9od\u00e9O\u00a0est l\u00e0 pour r\u00e9pondre \u00e0 vos questions&#8230;<\/p>\n","protected":false},"author":6,"featured_media":0,"parent":2207,"menu_order":0,"comment_status":"closed","ping_status":"closed","template":"","meta":{"_acf_changed":false,"footnotes":""},"class_list":["post-2244","page","type-page","status-publish","hentry"],"acf":[],"yoast_head":"<!-- This site is optimized with the Yoast SEO plugin v27.4 - https:\/\/yoast.com\/product\/yoast-seo-wordpress\/ -->\n<title>Mini-films | Geopark Transmanche<\/title>\n<meta name=\"description\" content=\"%\" \/>\n<meta name=\"robots\" content=\"index, follow, max-snippet:-1, max-image-preview:large, max-video-preview:-1\" \/>\n<link rel=\"canonical\" href=\"https:\/\/geoparktransmanche.org\/fr\/pedagogie\/animations-educatives\/\" \/>\n<meta property=\"og:locale\" content=\"fr_FR\" \/>\n<meta property=\"og:type\" content=\"article\" \/>\n<meta property=\"og:title\" content=\"Mini-films | Geopark Transmanche\" \/>\n<meta property=\"og:description\" content=\"%\" \/>\n<meta property=\"og:url\" content=\"https:\/\/geoparktransmanche.org\/fr\/pedagogie\/animations-educatives\/\" \/>\n<meta property=\"og:site_name\" content=\"Geopark Transmanche\" \/>\n<meta property=\"article:publisher\" content=\"https:\/\/www.facebook.com\/geoparktransmanche\" \/>\n<meta property=\"article:modified_time\" content=\"2026-02-11T10:25:07+00:00\" \/>\n<meta property=\"og:image\" content=\"https:\/\/geoparktransmanche.org\/wp-content\/uploads\/2024\/12\/GeoDeoFundingLogos.jpg\" \/>\n\t<meta property=\"og:image:width\" content=\"594\" \/>\n\t<meta property=\"og:image:height\" content=\"577\" \/>\n\t<meta property=\"og:image:type\" content=\"image\/jpeg\" \/>\n<meta name=\"twitter:card\" content=\"summary_large_image\" \/>\n<meta name=\"twitter:label1\" content=\"Dur\u00e9e de lecture estim\u00e9e\" \/>\n\t<meta name=\"twitter:data1\" content=\"2 minutes\" \/>\n<script type=\"application\/ld+json\" class=\"yoast-schema-graph\">{\"@context\":\"https:\\\/\\\/schema.org\",\"@graph\":[{\"@type\":\"WebPage\",\"@id\":\"https:\\\/\\\/geoparktransmanche.org\\\/fr\\\/pedagogie\\\/animations-educatives\\\/\",\"url\":\"https:\\\/\\\/geoparktransmanche.org\\\/fr\\\/pedagogie\\\/animations-educatives\\\/\",\"name\":\"Mini-films | Geopark Transmanche\",\"isPartOf\":{\"@id\":\"https:\\\/\\\/geoparktransmanche.org\\\/fr\\\/#website\"},\"primaryImageOfPage\":{\"@id\":\"https:\\\/\\\/geoparktransmanche.org\\\/fr\\\/pedagogie\\\/animations-educatives\\\/#primaryimage\"},\"image\":{\"@id\":\"https:\\\/\\\/geoparktransmanche.org\\\/fr\\\/pedagogie\\\/animations-educatives\\\/#primaryimage\"},\"thumbnailUrl\":\"https:\\\/\\\/geoparktransmanche.org\\\/wp-content\\\/uploads\\\/2024\\\/12\\\/GeoDeoFundingLogos-300x291.jpg\",\"datePublished\":\"2024-12-20T11:12:00+00:00\",\"dateModified\":\"2026-02-11T10:25:07+00:00\",\"description\":\"%\",\"breadcrumb\":{\"@id\":\"https:\\\/\\\/geoparktransmanche.org\\\/fr\\\/pedagogie\\\/animations-educatives\\\/#breadcrumb\"},\"inLanguage\":\"fr-FR\",\"potentialAction\":[{\"@type\":\"ReadAction\",\"target\":[\"https:\\\/\\\/geoparktransmanche.org\\\/fr\\\/pedagogie\\\/animations-educatives\\\/\"]}]},{\"@type\":\"ImageObject\",\"inLanguage\":\"fr-FR\",\"@id\":\"https:\\\/\\\/geoparktransmanche.org\\\/fr\\\/pedagogie\\\/animations-educatives\\\/#primaryimage\",\"url\":\"https:\\\/\\\/geoparktransmanche.org\\\/wp-content\\\/uploads\\\/2024\\\/12\\\/GeoDeoFundingLogos-300x291.jpg\",\"contentUrl\":\"https:\\\/\\\/geoparktransmanche.org\\\/wp-content\\\/uploads\\\/2024\\\/12\\\/GeoDeoFundingLogos-300x291.jpg\"},{\"@type\":\"BreadcrumbList\",\"@id\":\"https:\\\/\\\/geoparktransmanche.org\\\/fr\\\/pedagogie\\\/animations-educatives\\\/#breadcrumb\",\"itemListElement\":[{\"@type\":\"ListItem\",\"position\":1,\"name\":\"Domicile\",\"item\":\"https:\\\/\\\/geoparktransmanche.org\\\/fr\\\/\"},{\"@type\":\"ListItem\",\"position\":2,\"name\":\"P\u00e9dagogie\",\"item\":\"https:\\\/\\\/geoparktransmanche.org\\\/fr\\\/pedagogie\\\/\"},{\"@type\":\"ListItem\",\"position\":3,\"name\":\"Mini-films\"}]},{\"@type\":\"WebSite\",\"@id\":\"https:\\\/\\\/geoparktransmanche.org\\\/fr\\\/#website\",\"url\":\"https:\\\/\\\/geoparktransmanche.org\\\/fr\\\/\",\"name\":\"Geopark Transmanche\",\"description\":\"\",\"potentialAction\":[{\"@type\":\"SearchAction\",\"target\":{\"@type\":\"EntryPoint\",\"urlTemplate\":\"https:\\\/\\\/geoparktransmanche.org\\\/fr\\\/?s={search_term_string}\"},\"query-input\":{\"@type\":\"PropertyValueSpecification\",\"valueRequired\":true,\"valueName\":\"search_term_string\"}}],\"inLanguage\":\"fr-FR\"}]}<\/script>\n<!-- \/ Yoast SEO plugin. -->","yoast_head_json":{"title":"Mini-films | Geopark Transmanche","description":"%","robots":{"index":"index","follow":"follow","max-snippet":"max-snippet:-1","max-image-preview":"max-image-preview:large","max-video-preview":"max-video-preview:-1"},"canonical":"https:\/\/geoparktransmanche.org\/fr\/pedagogie\/animations-educatives\/","og_locale":"fr_FR","og_type":"article","og_title":"Mini-films | Geopark Transmanche","og_description":"%","og_url":"https:\/\/geoparktransmanche.org\/fr\/pedagogie\/animations-educatives\/","og_site_name":"Geopark Transmanche","article_publisher":"https:\/\/www.facebook.com\/geoparktransmanche","article_modified_time":"2026-02-11T10:25:07+00:00","og_image":[{"width":594,"height":577,"url":"https:\/\/geoparktransmanche.org\/wp-content\/uploads\/2024\/12\/GeoDeoFundingLogos.jpg","type":"image\/jpeg"}],"twitter_card":"summary_large_image","twitter_misc":{"Dur\u00e9e de lecture estim\u00e9e":"2 minutes"},"schema":{"@context":"https:\/\/schema.org","@graph":[{"@type":"WebPage","@id":"https:\/\/geoparktransmanche.org\/fr\/pedagogie\/animations-educatives\/","url":"https:\/\/geoparktransmanche.org\/fr\/pedagogie\/animations-educatives\/","name":"Mini-films | Geopark Transmanche","isPartOf":{"@id":"https:\/\/geoparktransmanche.org\/fr\/#website"},"primaryImageOfPage":{"@id":"https:\/\/geoparktransmanche.org\/fr\/pedagogie\/animations-educatives\/#primaryimage"},"image":{"@id":"https:\/\/geoparktransmanche.org\/fr\/pedagogie\/animations-educatives\/#primaryimage"},"thumbnailUrl":"https:\/\/geoparktransmanche.org\/wp-content\/uploads\/2024\/12\/GeoDeoFundingLogos-300x291.jpg","datePublished":"2024-12-20T11:12:00+00:00","dateModified":"2026-02-11T10:25:07+00:00","description":"%","breadcrumb":{"@id":"https:\/\/geoparktransmanche.org\/fr\/pedagogie\/animations-educatives\/#breadcrumb"},"inLanguage":"fr-FR","potentialAction":[{"@type":"ReadAction","target":["https:\/\/geoparktransmanche.org\/fr\/pedagogie\/animations-educatives\/"]}]},{"@type":"ImageObject","inLanguage":"fr-FR","@id":"https:\/\/geoparktransmanche.org\/fr\/pedagogie\/animations-educatives\/#primaryimage","url":"https:\/\/geoparktransmanche.org\/wp-content\/uploads\/2024\/12\/GeoDeoFundingLogos-300x291.jpg","contentUrl":"https:\/\/geoparktransmanche.org\/wp-content\/uploads\/2024\/12\/GeoDeoFundingLogos-300x291.jpg"},{"@type":"BreadcrumbList","@id":"https:\/\/geoparktransmanche.org\/fr\/pedagogie\/animations-educatives\/#breadcrumb","itemListElement":[{"@type":"ListItem","position":1,"name":"Domicile","item":"https:\/\/geoparktransmanche.org\/fr\/"},{"@type":"ListItem","position":2,"name":"P\u00e9dagogie","item":"https:\/\/geoparktransmanche.org\/fr\/pedagogie\/"},{"@type":"ListItem","position":3,"name":"Mini-films"}]},{"@type":"WebSite","@id":"https:\/\/geoparktransmanche.org\/fr\/#website","url":"https:\/\/geoparktransmanche.org\/fr\/","name":"Geopark Transmanche","description":"","potentialAction":[{"@type":"SearchAction","target":{"@type":"EntryPoint","urlTemplate":"https:\/\/geoparktransmanche.org\/fr\/?s={search_term_string}"},"query-input":{"@type":"PropertyValueSpecification","valueRequired":true,"valueName":"search_term_string"}}],"inLanguage":"fr-FR"}]}},"_links":{"self":[{"href":"https:\/\/geoparktransmanche.org\/fr\/wp-json\/wp\/v2\/pages\/2244","targetHints":{"allow":["GET"]}}],"collection":[{"href":"https:\/\/geoparktransmanche.org\/fr\/wp-json\/wp\/v2\/pages"}],"about":[{"href":"https:\/\/geoparktransmanche.org\/fr\/wp-json\/wp\/v2\/types\/page"}],"author":[{"embeddable":true,"href":"https:\/\/geoparktransmanche.org\/fr\/wp-json\/wp\/v2\/users\/6"}],"replies":[{"embeddable":true,"href":"https:\/\/geoparktransmanche.org\/fr\/wp-json\/wp\/v2\/comments?post=2244"}],"version-history":[{"count":15,"href":"https:\/\/geoparktransmanche.org\/fr\/wp-json\/wp\/v2\/pages\/2244\/revisions"}],"predecessor-version":[{"id":7701,"href":"https:\/\/geoparktransmanche.org\/fr\/wp-json\/wp\/v2\/pages\/2244\/revisions\/7701"}],"up":[{"embeddable":true,"href":"https:\/\/geoparktransmanche.org\/fr\/wp-json\/wp\/v2\/pages\/2207"}],"wp:attachment":[{"href":"https:\/\/geoparktransmanche.org\/fr\/wp-json\/wp\/v2\/media?parent=2244"}],"curies":[{"name":"wp","href":"https:\/\/api.w.org\/{rel}","templated":true}]}}