{"id":3420,"date":"2025-04-28T09:54:31","date_gmt":"2025-04-28T09:54:31","guid":{"rendered":"https:\/\/geoparktransmanche.org\/?page_id=3420"},"modified":"2025-04-29T09:00:48","modified_gmt":"2025-04-29T09:00:48","slug":"fiches-dapprentissage-et-dactivites","status":"publish","type":"page","link":"https:\/\/geoparktransmanche.org\/fr\/pedagogie\/fiches-dapprentissage-et-dactivites\/","title":{"rendered":"Fiches d&rsquo;apprentissage et d&rsquo;activit\u00e9s"},"content":{"rendered":"<p class=\"h2\" style=\"text-align: center;\"><strong>D\u00e9couvrez les fiches d&rsquo;apprentissage et d&rsquo;activit\u00e9s du Geopark Transmanche. Apprenez-en davantage sur la g\u00e9ologie et les tr\u00e9sors fascinants de notre plan\u00e8te&#8230; Et surtout, n&rsquo;h\u00e9sitez pas \u00e0 pratiquer votre anglais en explorant la version traduite de ces fiches ! Amusez-vous bien !<\/strong><\/p>\n","protected":false},"excerpt":{"rendered":"<p>D\u00e9couvrez les fiches d&rsquo;apprentissage et d&rsquo;activit\u00e9s du Geopark Transmanche. Apprenez-en davantage sur la g\u00e9ologie et les tr\u00e9sors fascinants de notre plan\u00e8te&#8230; Et surtout, n&rsquo;h\u00e9sitez pas \u00e0 pratiquer votre anglais en&#8230;<\/p>\n","protected":false},"author":13,"featured_media":0,"parent":2207,"menu_order":0,"comment_status":"closed","ping_status":"closed","template":"","meta":{"_acf_changed":false,"footnotes":""},"class_list":["post-3420","page","type-page","status-publish","hentry"],"acf":[],"yoast_head":"<!-- This site is optimized with the Yoast SEO plugin v27.3 - https:\/\/yoast.com\/product\/yoast-seo-wordpress\/ -->\n<title>Fiches d&#039;apprentissage et d&#039;activit\u00e9s | Geopark Transmanche<\/title>\n<meta name=\"description\" content=\"%\" \/>\n<meta name=\"robots\" content=\"index, follow, max-snippet:-1, max-image-preview:large, max-video-preview:-1\" \/>\n<link rel=\"canonical\" href=\"https:\/\/geoparktransmanche.org\/fr\/pedagogie\/fiches-dapprentissage-et-dactivites\/\" \/>\n<meta property=\"og:locale\" content=\"fr_FR\" \/>\n<meta property=\"og:type\" content=\"article\" \/>\n<meta property=\"og:title\" content=\"Fiches d&#039;apprentissage et d&#039;activit\u00e9s | Geopark Transmanche\" \/>\n<meta property=\"og:description\" content=\"%\" \/>\n<meta property=\"og:url\" content=\"https:\/\/geoparktransmanche.org\/fr\/pedagogie\/fiches-dapprentissage-et-dactivites\/\" \/>\n<meta property=\"og:site_name\" content=\"Geopark Transmanche\" \/>\n<meta property=\"article:publisher\" content=\"https:\/\/www.facebook.com\/geoparktransmanche\" \/>\n<meta property=\"article:modified_time\" content=\"2025-04-29T09:00:48+00:00\" \/>\n<meta name=\"twitter:card\" content=\"summary_large_image\" \/>\n<meta name=\"twitter:label1\" content=\"Dur\u00e9e de lecture estim\u00e9e\" \/>\n\t<meta name=\"twitter:data1\" content=\"1 minute\" \/>\n<script type=\"application\/ld+json\" class=\"yoast-schema-graph\">{\"@context\":\"https:\\\/\\\/schema.org\",\"@graph\":[{\"@type\":\"WebPage\",\"@id\":\"https:\\\/\\\/geoparktransmanche.org\\\/fr\\\/pedagogie\\\/fiches-dapprentissage-et-dactivites\\\/\",\"url\":\"https:\\\/\\\/geoparktransmanche.org\\\/fr\\\/pedagogie\\\/fiches-dapprentissage-et-dactivites\\\/\",\"name\":\"Fiches d'apprentissage et d'activit\u00e9s | Geopark Transmanche\",\"isPartOf\":{\"@id\":\"https:\\\/\\\/geoparktransmanche.org\\\/fr\\\/#website\"},\"datePublished\":\"2025-04-28T09:54:31+00:00\",\"dateModified\":\"2025-04-29T09:00:48+00:00\",\"description\":\"%\",\"breadcrumb\":{\"@id\":\"https:\\\/\\\/geoparktransmanche.org\\\/fr\\\/pedagogie\\\/fiches-dapprentissage-et-dactivites\\\/#breadcrumb\"},\"inLanguage\":\"fr-FR\",\"potentialAction\":[{\"@type\":\"ReadAction\",\"target\":[\"https:\\\/\\\/geoparktransmanche.org\\\/fr\\\/pedagogie\\\/fiches-dapprentissage-et-dactivites\\\/\"]}]},{\"@type\":\"BreadcrumbList\",\"@id\":\"https:\\\/\\\/geoparktransmanche.org\\\/fr\\\/pedagogie\\\/fiches-dapprentissage-et-dactivites\\\/#breadcrumb\",\"itemListElement\":[{\"@type\":\"ListItem\",\"position\":1,\"name\":\"Domicile\",\"item\":\"https:\\\/\\\/geoparktransmanche.org\\\/fr\\\/\"},{\"@type\":\"ListItem\",\"position\":2,\"name\":\"P\u00e9dagogie\",\"item\":\"https:\\\/\\\/geoparktransmanche.org\\\/fr\\\/pedagogie\\\/\"},{\"@type\":\"ListItem\",\"position\":3,\"name\":\"Fiches d&rsquo;apprentissage et d&rsquo;activit\u00e9s\"}]},{\"@type\":\"WebSite\",\"@id\":\"https:\\\/\\\/geoparktransmanche.org\\\/fr\\\/#website\",\"url\":\"https:\\\/\\\/geoparktransmanche.org\\\/fr\\\/\",\"name\":\"Geopark Transmanche\",\"description\":\"\",\"potentialAction\":[{\"@type\":\"SearchAction\",\"target\":{\"@type\":\"EntryPoint\",\"urlTemplate\":\"https:\\\/\\\/geoparktransmanche.org\\\/fr\\\/?s={search_term_string}\"},\"query-input\":{\"@type\":\"PropertyValueSpecification\",\"valueRequired\":true,\"valueName\":\"search_term_string\"}}],\"inLanguage\":\"fr-FR\"}]}<\/script>\n<!-- \/ Yoast SEO plugin. -->","yoast_head_json":{"title":"Fiches d'apprentissage et d'activit\u00e9s | Geopark Transmanche","description":"%","robots":{"index":"index","follow":"follow","max-snippet":"max-snippet:-1","max-image-preview":"max-image-preview:large","max-video-preview":"max-video-preview:-1"},"canonical":"https:\/\/geoparktransmanche.org\/fr\/pedagogie\/fiches-dapprentissage-et-dactivites\/","og_locale":"fr_FR","og_type":"article","og_title":"Fiches d'apprentissage et d'activit\u00e9s | Geopark Transmanche","og_description":"%","og_url":"https:\/\/geoparktransmanche.org\/fr\/pedagogie\/fiches-dapprentissage-et-dactivites\/","og_site_name":"Geopark Transmanche","article_publisher":"https:\/\/www.facebook.com\/geoparktransmanche","article_modified_time":"2025-04-29T09:00:48+00:00","twitter_card":"summary_large_image","twitter_misc":{"Dur\u00e9e de lecture estim\u00e9e":"1 minute"},"schema":{"@context":"https:\/\/schema.org","@graph":[{"@type":"WebPage","@id":"https:\/\/geoparktransmanche.org\/fr\/pedagogie\/fiches-dapprentissage-et-dactivites\/","url":"https:\/\/geoparktransmanche.org\/fr\/pedagogie\/fiches-dapprentissage-et-dactivites\/","name":"Fiches d'apprentissage et d'activit\u00e9s | Geopark Transmanche","isPartOf":{"@id":"https:\/\/geoparktransmanche.org\/fr\/#website"},"datePublished":"2025-04-28T09:54:31+00:00","dateModified":"2025-04-29T09:00:48+00:00","description":"%","breadcrumb":{"@id":"https:\/\/geoparktransmanche.org\/fr\/pedagogie\/fiches-dapprentissage-et-dactivites\/#breadcrumb"},"inLanguage":"fr-FR","potentialAction":[{"@type":"ReadAction","target":["https:\/\/geoparktransmanche.org\/fr\/pedagogie\/fiches-dapprentissage-et-dactivites\/"]}]},{"@type":"BreadcrumbList","@id":"https:\/\/geoparktransmanche.org\/fr\/pedagogie\/fiches-dapprentissage-et-dactivites\/#breadcrumb","itemListElement":[{"@type":"ListItem","position":1,"name":"Domicile","item":"https:\/\/geoparktransmanche.org\/fr\/"},{"@type":"ListItem","position":2,"name":"P\u00e9dagogie","item":"https:\/\/geoparktransmanche.org\/fr\/pedagogie\/"},{"@type":"ListItem","position":3,"name":"Fiches d&rsquo;apprentissage et d&rsquo;activit\u00e9s"}]},{"@type":"WebSite","@id":"https:\/\/geoparktransmanche.org\/fr\/#website","url":"https:\/\/geoparktransmanche.org\/fr\/","name":"Geopark Transmanche","description":"","potentialAction":[{"@type":"SearchAction","target":{"@type":"EntryPoint","urlTemplate":"https:\/\/geoparktransmanche.org\/fr\/?s={search_term_string}"},"query-input":{"@type":"PropertyValueSpecification","valueRequired":true,"valueName":"search_term_string"}}],"inLanguage":"fr-FR"}]}},"_links":{"self":[{"href":"https:\/\/geoparktransmanche.org\/fr\/wp-json\/wp\/v2\/pages\/3420","targetHints":{"allow":["GET"]}}],"collection":[{"href":"https:\/\/geoparktransmanche.org\/fr\/wp-json\/wp\/v2\/pages"}],"about":[{"href":"https:\/\/geoparktransmanche.org\/fr\/wp-json\/wp\/v2\/types\/page"}],"author":[{"embeddable":true,"href":"https:\/\/geoparktransmanche.org\/fr\/wp-json\/wp\/v2\/users\/13"}],"replies":[{"embeddable":true,"href":"https:\/\/geoparktransmanche.org\/fr\/wp-json\/wp\/v2\/comments?post=3420"}],"version-history":[{"count":4,"href":"https:\/\/geoparktransmanche.org\/fr\/wp-json\/wp\/v2\/pages\/3420\/revisions"}],"predecessor-version":[{"id":3521,"href":"https:\/\/geoparktransmanche.org\/fr\/wp-json\/wp\/v2\/pages\/3420\/revisions\/3521"}],"up":[{"embeddable":true,"href":"https:\/\/geoparktransmanche.org\/fr\/wp-json\/wp\/v2\/pages\/2207"}],"wp:attachment":[{"href":"https:\/\/geoparktransmanche.org\/fr\/wp-json\/wp\/v2\/media?parent=3420"}],"curies":[{"name":"wp","href":"https:\/\/api.w.org\/{rel}","templated":true}]}}