{"id":4272,"date":"2025-06-18T16:43:56","date_gmt":"2025-06-18T16:43:56","guid":{"rendered":"https:\/\/geoparktransmanche.org\/activites-a-explorer\/"},"modified":"2026-03-19T14:06:13","modified_gmt":"2026-03-19T14:06:13","slug":"activites-a-explorer","status":"publish","type":"page","link":"https:\/\/geoparktransmanche.org\/fr\/activites-a-explorer\/","title":{"rendered":"Activit\u00e9s pour d\u00e9couvrir le territoire"},"content":{"rendered":"<p style=\"text-align: center;\"><strong>Plongez au c\u0153ur du Geopark Transmanche \u00e0 travers une s\u00e9rie d&rsquo;activit\u00e9s con\u00e7ues pour \u00e9veiller votre curiosit\u00e9 et enrichir votre d\u00e9couverte du territoire. Que ce soit par des balades immersives, des exp\u00e9riences culturelles ou des r\u00e9cits visuels, chaque proposition vous invite \u00e0 explorer les paysages, l\u2019histoire, la g\u00e9ologie et le patrimoine naturel qui rendent cette r\u00e9gion si unique !<\/strong><\/p>\n","protected":false},"excerpt":{"rendered":"<p>Plongez au c\u0153ur du Geopark Transmanche \u00e0 travers une s\u00e9rie d&rsquo;activit\u00e9s con\u00e7ues pour \u00e9veiller votre curiosit\u00e9 et enrichir votre d\u00e9couverte du territoire. Que ce soit par des balades immersives, des&#8230;<\/p>\n","protected":false},"author":12,"featured_media":4207,"parent":0,"menu_order":0,"comment_status":"closed","ping_status":"closed","template":"page-favourites-list.php","meta":{"_acf_changed":false,"footnotes":""},"class_list":["post-4272","page","type-page","status-publish","has-post-thumbnail","hentry"],"acf":[],"yoast_head":"<!-- This site is optimized with the Yoast SEO plugin v27.3 - https:\/\/yoast.com\/product\/yoast-seo-wordpress\/ -->\n<title>Activit\u00e9s pour d\u00e9couvrir le territoire | Geopark Transmanche<\/title>\n<meta name=\"description\" content=\"%\" \/>\n<meta name=\"robots\" content=\"index, follow, max-snippet:-1, max-image-preview:large, max-video-preview:-1\" \/>\n<link rel=\"canonical\" href=\"https:\/\/geoparktransmanche.org\/fr\/activites-a-explorer\/\" \/>\n<meta property=\"og:locale\" content=\"fr_FR\" \/>\n<meta property=\"og:type\" content=\"article\" \/>\n<meta property=\"og:title\" content=\"Activit\u00e9s pour d\u00e9couvrir le territoire | Geopark Transmanche\" \/>\n<meta property=\"og:description\" content=\"%\" \/>\n<meta property=\"og:url\" content=\"https:\/\/geoparktransmanche.org\/fr\/activites-a-explorer\/\" \/>\n<meta property=\"og:site_name\" content=\"Geopark Transmanche\" \/>\n<meta property=\"article:publisher\" content=\"https:\/\/www.facebook.com\/geoparktransmanche\" \/>\n<meta property=\"article:modified_time\" content=\"2026-03-19T14:06:13+00:00\" \/>\n<meta property=\"og:image\" content=\"https:\/\/geoparktransmanche.org\/wp-content\/uploads\/2025\/06\/7-aspect-ratio-760-400.jpg\" \/>\n\t<meta property=\"og:image:width\" content=\"760\" \/>\n\t<meta property=\"og:image:height\" content=\"400\" \/>\n\t<meta property=\"og:image:type\" content=\"image\/jpeg\" \/>\n<meta name=\"twitter:card\" content=\"summary_large_image\" \/>\n<meta name=\"twitter:label1\" content=\"Dur\u00e9e de lecture estim\u00e9e\" \/>\n\t<meta name=\"twitter:data1\" content=\"3 minutes\" \/>\n<script type=\"application\/ld+json\" class=\"yoast-schema-graph\">{\"@context\":\"https:\\\/\\\/schema.org\",\"@graph\":[{\"@type\":\"WebPage\",\"@id\":\"https:\\\/\\\/geoparktransmanche.org\\\/fr\\\/activites-a-explorer\\\/\",\"url\":\"https:\\\/\\\/geoparktransmanche.org\\\/fr\\\/activites-a-explorer\\\/\",\"name\":\"Activit\u00e9s pour d\u00e9couvrir le territoire | Geopark Transmanche\",\"isPartOf\":{\"@id\":\"https:\\\/\\\/geoparktransmanche.org\\\/fr\\\/#website\"},\"primaryImageOfPage\":{\"@id\":\"https:\\\/\\\/geoparktransmanche.org\\\/fr\\\/activites-a-explorer\\\/#primaryimage\"},\"image\":{\"@id\":\"https:\\\/\\\/geoparktransmanche.org\\\/fr\\\/activites-a-explorer\\\/#primaryimage\"},\"thumbnailUrl\":\"https:\\\/\\\/geoparktransmanche.org\\\/wp-content\\\/uploads\\\/2025\\\/06\\\/7-aspect-ratio-760-400.jpg\",\"datePublished\":\"2025-06-18T16:43:56+00:00\",\"dateModified\":\"2026-03-19T14:06:13+00:00\",\"description\":\"%\",\"breadcrumb\":{\"@id\":\"https:\\\/\\\/geoparktransmanche.org\\\/fr\\\/activites-a-explorer\\\/#breadcrumb\"},\"inLanguage\":\"fr-FR\",\"potentialAction\":[{\"@type\":\"ReadAction\",\"target\":[\"https:\\\/\\\/geoparktransmanche.org\\\/fr\\\/activites-a-explorer\\\/\"]}]},{\"@type\":\"ImageObject\",\"inLanguage\":\"fr-FR\",\"@id\":\"https:\\\/\\\/geoparktransmanche.org\\\/fr\\\/activites-a-explorer\\\/#primaryimage\",\"url\":\"https:\\\/\\\/geoparktransmanche.org\\\/wp-content\\\/uploads\\\/2025\\\/06\\\/7-aspect-ratio-760-400.jpg\",\"contentUrl\":\"https:\\\/\\\/geoparktransmanche.org\\\/wp-content\\\/uploads\\\/2025\\\/06\\\/7-aspect-ratio-760-400.jpg\",\"width\":760,\"height\":400,\"caption\":\"Des enfants autour d'une table en train de faire des activit\u00e9s manuelles\"},{\"@type\":\"BreadcrumbList\",\"@id\":\"https:\\\/\\\/geoparktransmanche.org\\\/fr\\\/activites-a-explorer\\\/#breadcrumb\",\"itemListElement\":[{\"@type\":\"ListItem\",\"position\":1,\"name\":\"Domicile\",\"item\":\"https:\\\/\\\/geoparktransmanche.org\\\/fr\\\/\"},{\"@type\":\"ListItem\",\"position\":2,\"name\":\"Activit\u00e9s pour d\u00e9couvrir le territoire\"}]},{\"@type\":\"WebSite\",\"@id\":\"https:\\\/\\\/geoparktransmanche.org\\\/fr\\\/#website\",\"url\":\"https:\\\/\\\/geoparktransmanche.org\\\/fr\\\/\",\"name\":\"Geopark Transmanche\",\"description\":\"\",\"potentialAction\":[{\"@type\":\"SearchAction\",\"target\":{\"@type\":\"EntryPoint\",\"urlTemplate\":\"https:\\\/\\\/geoparktransmanche.org\\\/fr\\\/?s={search_term_string}\"},\"query-input\":{\"@type\":\"PropertyValueSpecification\",\"valueRequired\":true,\"valueName\":\"search_term_string\"}}],\"inLanguage\":\"fr-FR\"}]}<\/script>\n<!-- \/ Yoast SEO plugin. -->","yoast_head_json":{"title":"Activit\u00e9s pour d\u00e9couvrir le territoire | Geopark Transmanche","description":"%","robots":{"index":"index","follow":"follow","max-snippet":"max-snippet:-1","max-image-preview":"max-image-preview:large","max-video-preview":"max-video-preview:-1"},"canonical":"https:\/\/geoparktransmanche.org\/fr\/activites-a-explorer\/","og_locale":"fr_FR","og_type":"article","og_title":"Activit\u00e9s pour d\u00e9couvrir le territoire | Geopark Transmanche","og_description":"%","og_url":"https:\/\/geoparktransmanche.org\/fr\/activites-a-explorer\/","og_site_name":"Geopark Transmanche","article_publisher":"https:\/\/www.facebook.com\/geoparktransmanche","article_modified_time":"2026-03-19T14:06:13+00:00","og_image":[{"width":760,"height":400,"url":"https:\/\/geoparktransmanche.org\/wp-content\/uploads\/2025\/06\/7-aspect-ratio-760-400.jpg","type":"image\/jpeg"}],"twitter_card":"summary_large_image","twitter_misc":{"Dur\u00e9e de lecture estim\u00e9e":"3 minutes"},"schema":{"@context":"https:\/\/schema.org","@graph":[{"@type":"WebPage","@id":"https:\/\/geoparktransmanche.org\/fr\/activites-a-explorer\/","url":"https:\/\/geoparktransmanche.org\/fr\/activites-a-explorer\/","name":"Activit\u00e9s pour d\u00e9couvrir le territoire | Geopark Transmanche","isPartOf":{"@id":"https:\/\/geoparktransmanche.org\/fr\/#website"},"primaryImageOfPage":{"@id":"https:\/\/geoparktransmanche.org\/fr\/activites-a-explorer\/#primaryimage"},"image":{"@id":"https:\/\/geoparktransmanche.org\/fr\/activites-a-explorer\/#primaryimage"},"thumbnailUrl":"https:\/\/geoparktransmanche.org\/wp-content\/uploads\/2025\/06\/7-aspect-ratio-760-400.jpg","datePublished":"2025-06-18T16:43:56+00:00","dateModified":"2026-03-19T14:06:13+00:00","description":"%","breadcrumb":{"@id":"https:\/\/geoparktransmanche.org\/fr\/activites-a-explorer\/#breadcrumb"},"inLanguage":"fr-FR","potentialAction":[{"@type":"ReadAction","target":["https:\/\/geoparktransmanche.org\/fr\/activites-a-explorer\/"]}]},{"@type":"ImageObject","inLanguage":"fr-FR","@id":"https:\/\/geoparktransmanche.org\/fr\/activites-a-explorer\/#primaryimage","url":"https:\/\/geoparktransmanche.org\/wp-content\/uploads\/2025\/06\/7-aspect-ratio-760-400.jpg","contentUrl":"https:\/\/geoparktransmanche.org\/wp-content\/uploads\/2025\/06\/7-aspect-ratio-760-400.jpg","width":760,"height":400,"caption":"Des enfants autour d'une table en train de faire des activit\u00e9s manuelles"},{"@type":"BreadcrumbList","@id":"https:\/\/geoparktransmanche.org\/fr\/activites-a-explorer\/#breadcrumb","itemListElement":[{"@type":"ListItem","position":1,"name":"Domicile","item":"https:\/\/geoparktransmanche.org\/fr\/"},{"@type":"ListItem","position":2,"name":"Activit\u00e9s pour d\u00e9couvrir le territoire"}]},{"@type":"WebSite","@id":"https:\/\/geoparktransmanche.org\/fr\/#website","url":"https:\/\/geoparktransmanche.org\/fr\/","name":"Geopark Transmanche","description":"","potentialAction":[{"@type":"SearchAction","target":{"@type":"EntryPoint","urlTemplate":"https:\/\/geoparktransmanche.org\/fr\/?s={search_term_string}"},"query-input":{"@type":"PropertyValueSpecification","valueRequired":true,"valueName":"search_term_string"}}],"inLanguage":"fr-FR"}]}},"_links":{"self":[{"href":"https:\/\/geoparktransmanche.org\/fr\/wp-json\/wp\/v2\/pages\/4272","targetHints":{"allow":["GET"]}}],"collection":[{"href":"https:\/\/geoparktransmanche.org\/fr\/wp-json\/wp\/v2\/pages"}],"about":[{"href":"https:\/\/geoparktransmanche.org\/fr\/wp-json\/wp\/v2\/types\/page"}],"author":[{"embeddable":true,"href":"https:\/\/geoparktransmanche.org\/fr\/wp-json\/wp\/v2\/users\/12"}],"replies":[{"embeddable":true,"href":"https:\/\/geoparktransmanche.org\/fr\/wp-json\/wp\/v2\/comments?post=4272"}],"version-history":[{"count":8,"href":"https:\/\/geoparktransmanche.org\/fr\/wp-json\/wp\/v2\/pages\/4272\/revisions"}],"predecessor-version":[{"id":7975,"href":"https:\/\/geoparktransmanche.org\/fr\/wp-json\/wp\/v2\/pages\/4272\/revisions\/7975"}],"wp:featuredmedia":[{"embeddable":true,"href":"https:\/\/geoparktransmanche.org\/fr\/wp-json\/wp\/v2\/media\/4207"}],"wp:attachment":[{"href":"https:\/\/geoparktransmanche.org\/fr\/wp-json\/wp\/v2\/media?parent=4272"}],"curies":[{"name":"wp","href":"https:\/\/api.w.org\/{rel}","templated":true}]}}