{"id":4637,"date":"2025-07-08T14:38:41","date_gmt":"2025-07-08T14:38:41","guid":{"rendered":"https:\/\/geoparktransmanche.org\/?page_id=4637"},"modified":"2026-02-09T15:48:30","modified_gmt":"2026-02-09T15:48:30","slug":"les-sites-unesco-et-en-cours-de-labellisation-sur-le-territoire-du-geopark-transmanche","status":"publish","type":"page","link":"https:\/\/geoparktransmanche.org\/fr\/les-sites-unesco-et-en-cours-de-labellisation-sur-le-territoire-du-geopark-transmanche\/","title":{"rendered":"Destination UNESCO"},"content":{"rendered":"<h2><\/h2>\n<h2 style=\"text-align: center;\">Les Sites UNESCO et en cours de labellisation sur le territoire du Geopark Transmanche<\/h2>\n<p>Le Geopark Transmanche, \u00e0 cheval entre la France (Parc naturel r\u00e9gional des Caps et Marais d\u2019Opale) et l\u2019Angleterre (Kent Downs National Landscape), est un territoire d\u2019exception fa\u00e7onn\u00e9 par une histoire mill\u00e9naire, des paysages grandioses et une richesse g\u00e9ologique unique.<\/p>\n<p>Plusieurs sites situ\u00e9s dans le p\u00e9rim\u00e8tre du Geopark sont d\u00e9j\u00e0 inscrits au patrimoine mondial de l\u2019UNESCO ou en cours de labellisation. Ces lieux remarquables sont autant d&rsquo;invitations \u00e0 la d\u00e9couverte du patrimoine culturel, naturel et m\u00e9moriel.<br \/>\nPartez \u00e0 leur rencontre et explorez un territoire aux mille facettes !<\/p>\n","protected":false},"excerpt":{"rendered":"<p>Les Sites UNESCO et en cours de labellisation sur le territoire du Geopark Transmanche Le Geopark Transmanche, \u00e0 cheval entre la France (Parc naturel r\u00e9gional des Caps et Marais d\u2019Opale)&#8230;<\/p>\n","protected":false},"author":13,"featured_media":4729,"parent":0,"menu_order":0,"comment_status":"closed","ping_status":"closed","template":"","meta":{"_acf_changed":false,"footnotes":""},"class_list":["post-4637","page","type-page","status-publish","has-post-thumbnail","hentry"],"acf":[],"yoast_head":"<!-- This site is optimized with the Yoast SEO plugin v27.3 - https:\/\/yoast.com\/product\/yoast-seo-wordpress\/ -->\n<title>Destination UNESCO | Geopark Transmanche<\/title>\n<meta name=\"description\" content=\"%\" \/>\n<meta name=\"robots\" content=\"index, follow, max-snippet:-1, max-image-preview:large, max-video-preview:-1\" \/>\n<link rel=\"canonical\" href=\"https:\/\/geoparktransmanche.org\/fr\/les-sites-unesco-et-en-cours-de-labellisation-sur-le-territoire-du-geopark-transmanche\/\" \/>\n<meta property=\"og:locale\" content=\"fr_FR\" \/>\n<meta property=\"og:type\" content=\"article\" \/>\n<meta property=\"og:title\" content=\"Destination UNESCO | Geopark Transmanche\" \/>\n<meta property=\"og:description\" content=\"%\" \/>\n<meta property=\"og:url\" content=\"https:\/\/geoparktransmanche.org\/fr\/les-sites-unesco-et-en-cours-de-labellisation-sur-le-territoire-du-geopark-transmanche\/\" \/>\n<meta property=\"og:site_name\" content=\"Geopark Transmanche\" \/>\n<meta property=\"article:publisher\" content=\"https:\/\/www.facebook.com\/geoparktransmanche\" \/>\n<meta property=\"article:modified_time\" content=\"2026-02-09T15:48:30+00:00\" \/>\n<meta property=\"og:image\" content=\"https:\/\/geoparktransmanche.org\/wp-content\/uploads\/2025\/07\/audomarois-\u00a9Isnor-1-aspect-ratio-760-400.jpg\" \/>\n\t<meta property=\"og:image:width\" content=\"760\" \/>\n\t<meta property=\"og:image:height\" content=\"400\" \/>\n\t<meta property=\"og:image:type\" content=\"image\/jpeg\" \/>\n<meta name=\"twitter:card\" content=\"summary_large_image\" \/>\n<meta name=\"twitter:label1\" content=\"Dur\u00e9e de lecture estim\u00e9e\" \/>\n\t<meta name=\"twitter:data1\" content=\"7 minutes\" \/>\n<script type=\"application\/ld+json\" class=\"yoast-schema-graph\">{\"@context\":\"https:\\\/\\\/schema.org\",\"@graph\":[{\"@type\":\"WebPage\",\"@id\":\"https:\\\/\\\/geoparktransmanche.org\\\/fr\\\/les-sites-unesco-et-en-cours-de-labellisation-sur-le-territoire-du-geopark-transmanche\\\/\",\"url\":\"https:\\\/\\\/geoparktransmanche.org\\\/fr\\\/les-sites-unesco-et-en-cours-de-labellisation-sur-le-territoire-du-geopark-transmanche\\\/\",\"name\":\"Destination UNESCO | Geopark Transmanche\",\"isPartOf\":{\"@id\":\"https:\\\/\\\/geoparktransmanche.org\\\/fr\\\/#website\"},\"primaryImageOfPage\":{\"@id\":\"https:\\\/\\\/geoparktransmanche.org\\\/fr\\\/les-sites-unesco-et-en-cours-de-labellisation-sur-le-territoire-du-geopark-transmanche\\\/#primaryimage\"},\"image\":{\"@id\":\"https:\\\/\\\/geoparktransmanche.org\\\/fr\\\/les-sites-unesco-et-en-cours-de-labellisation-sur-le-territoire-du-geopark-transmanche\\\/#primaryimage\"},\"thumbnailUrl\":\"https:\\\/\\\/geoparktransmanche.org\\\/wp-content\\\/uploads\\\/2025\\\/07\\\/audomarois-\u00a9Isnor-1-aspect-ratio-760-400.jpg\",\"datePublished\":\"2025-07-08T14:38:41+00:00\",\"dateModified\":\"2026-02-09T15:48:30+00:00\",\"description\":\"%\",\"breadcrumb\":{\"@id\":\"https:\\\/\\\/geoparktransmanche.org\\\/fr\\\/les-sites-unesco-et-en-cours-de-labellisation-sur-le-territoire-du-geopark-transmanche\\\/#breadcrumb\"},\"inLanguage\":\"fr-FR\",\"potentialAction\":[{\"@type\":\"ReadAction\",\"target\":[\"https:\\\/\\\/geoparktransmanche.org\\\/fr\\\/les-sites-unesco-et-en-cours-de-labellisation-sur-le-territoire-du-geopark-transmanche\\\/\"]}]},{\"@type\":\"ImageObject\",\"inLanguage\":\"fr-FR\",\"@id\":\"https:\\\/\\\/geoparktransmanche.org\\\/fr\\\/les-sites-unesco-et-en-cours-de-labellisation-sur-le-territoire-du-geopark-transmanche\\\/#primaryimage\",\"url\":\"https:\\\/\\\/geoparktransmanche.org\\\/wp-content\\\/uploads\\\/2025\\\/07\\\/audomarois-\u00a9Isnor-1-aspect-ratio-760-400.jpg\",\"contentUrl\":\"https:\\\/\\\/geoparktransmanche.org\\\/wp-content\\\/uploads\\\/2025\\\/07\\\/audomarois-\u00a9Isnor-1-aspect-ratio-760-400.jpg\",\"width\":760,\"height\":400,\"caption\":\"Audomarois \u00a9Isnor 1 Aspect Ratio 760 400\"},{\"@type\":\"BreadcrumbList\",\"@id\":\"https:\\\/\\\/geoparktransmanche.org\\\/fr\\\/les-sites-unesco-et-en-cours-de-labellisation-sur-le-territoire-du-geopark-transmanche\\\/#breadcrumb\",\"itemListElement\":[{\"@type\":\"ListItem\",\"position\":1,\"name\":\"Domicile\",\"item\":\"https:\\\/\\\/geoparktransmanche.org\\\/fr\\\/\"},{\"@type\":\"ListItem\",\"position\":2,\"name\":\"Destination UNESCO\"}]},{\"@type\":\"WebSite\",\"@id\":\"https:\\\/\\\/geoparktransmanche.org\\\/fr\\\/#website\",\"url\":\"https:\\\/\\\/geoparktransmanche.org\\\/fr\\\/\",\"name\":\"Geopark Transmanche\",\"description\":\"\",\"potentialAction\":[{\"@type\":\"SearchAction\",\"target\":{\"@type\":\"EntryPoint\",\"urlTemplate\":\"https:\\\/\\\/geoparktransmanche.org\\\/fr\\\/?s={search_term_string}\"},\"query-input\":{\"@type\":\"PropertyValueSpecification\",\"valueRequired\":true,\"valueName\":\"search_term_string\"}}],\"inLanguage\":\"fr-FR\"}]}<\/script>\n<!-- \/ Yoast SEO plugin. -->","yoast_head_json":{"title":"Destination UNESCO | Geopark Transmanche","description":"%","robots":{"index":"index","follow":"follow","max-snippet":"max-snippet:-1","max-image-preview":"max-image-preview:large","max-video-preview":"max-video-preview:-1"},"canonical":"https:\/\/geoparktransmanche.org\/fr\/les-sites-unesco-et-en-cours-de-labellisation-sur-le-territoire-du-geopark-transmanche\/","og_locale":"fr_FR","og_type":"article","og_title":"Destination UNESCO | Geopark Transmanche","og_description":"%","og_url":"https:\/\/geoparktransmanche.org\/fr\/les-sites-unesco-et-en-cours-de-labellisation-sur-le-territoire-du-geopark-transmanche\/","og_site_name":"Geopark Transmanche","article_publisher":"https:\/\/www.facebook.com\/geoparktransmanche","article_modified_time":"2026-02-09T15:48:30+00:00","og_image":[{"width":760,"height":400,"url":"https:\/\/geoparktransmanche.org\/wp-content\/uploads\/2025\/07\/audomarois-\u00a9Isnor-1-aspect-ratio-760-400.jpg","type":"image\/jpeg"}],"twitter_card":"summary_large_image","twitter_misc":{"Dur\u00e9e de lecture estim\u00e9e":"7 minutes"},"schema":{"@context":"https:\/\/schema.org","@graph":[{"@type":"WebPage","@id":"https:\/\/geoparktransmanche.org\/fr\/les-sites-unesco-et-en-cours-de-labellisation-sur-le-territoire-du-geopark-transmanche\/","url":"https:\/\/geoparktransmanche.org\/fr\/les-sites-unesco-et-en-cours-de-labellisation-sur-le-territoire-du-geopark-transmanche\/","name":"Destination UNESCO | Geopark Transmanche","isPartOf":{"@id":"https:\/\/geoparktransmanche.org\/fr\/#website"},"primaryImageOfPage":{"@id":"https:\/\/geoparktransmanche.org\/fr\/les-sites-unesco-et-en-cours-de-labellisation-sur-le-territoire-du-geopark-transmanche\/#primaryimage"},"image":{"@id":"https:\/\/geoparktransmanche.org\/fr\/les-sites-unesco-et-en-cours-de-labellisation-sur-le-territoire-du-geopark-transmanche\/#primaryimage"},"thumbnailUrl":"https:\/\/geoparktransmanche.org\/wp-content\/uploads\/2025\/07\/audomarois-\u00a9Isnor-1-aspect-ratio-760-400.jpg","datePublished":"2025-07-08T14:38:41+00:00","dateModified":"2026-02-09T15:48:30+00:00","description":"%","breadcrumb":{"@id":"https:\/\/geoparktransmanche.org\/fr\/les-sites-unesco-et-en-cours-de-labellisation-sur-le-territoire-du-geopark-transmanche\/#breadcrumb"},"inLanguage":"fr-FR","potentialAction":[{"@type":"ReadAction","target":["https:\/\/geoparktransmanche.org\/fr\/les-sites-unesco-et-en-cours-de-labellisation-sur-le-territoire-du-geopark-transmanche\/"]}]},{"@type":"ImageObject","inLanguage":"fr-FR","@id":"https:\/\/geoparktransmanche.org\/fr\/les-sites-unesco-et-en-cours-de-labellisation-sur-le-territoire-du-geopark-transmanche\/#primaryimage","url":"https:\/\/geoparktransmanche.org\/wp-content\/uploads\/2025\/07\/audomarois-\u00a9Isnor-1-aspect-ratio-760-400.jpg","contentUrl":"https:\/\/geoparktransmanche.org\/wp-content\/uploads\/2025\/07\/audomarois-\u00a9Isnor-1-aspect-ratio-760-400.jpg","width":760,"height":400,"caption":"Audomarois \u00a9Isnor 1 Aspect Ratio 760 400"},{"@type":"BreadcrumbList","@id":"https:\/\/geoparktransmanche.org\/fr\/les-sites-unesco-et-en-cours-de-labellisation-sur-le-territoire-du-geopark-transmanche\/#breadcrumb","itemListElement":[{"@type":"ListItem","position":1,"name":"Domicile","item":"https:\/\/geoparktransmanche.org\/fr\/"},{"@type":"ListItem","position":2,"name":"Destination UNESCO"}]},{"@type":"WebSite","@id":"https:\/\/geoparktransmanche.org\/fr\/#website","url":"https:\/\/geoparktransmanche.org\/fr\/","name":"Geopark Transmanche","description":"","potentialAction":[{"@type":"SearchAction","target":{"@type":"EntryPoint","urlTemplate":"https:\/\/geoparktransmanche.org\/fr\/?s={search_term_string}"},"query-input":{"@type":"PropertyValueSpecification","valueRequired":true,"valueName":"search_term_string"}}],"inLanguage":"fr-FR"}]}},"_links":{"self":[{"href":"https:\/\/geoparktransmanche.org\/fr\/wp-json\/wp\/v2\/pages\/4637","targetHints":{"allow":["GET"]}}],"collection":[{"href":"https:\/\/geoparktransmanche.org\/fr\/wp-json\/wp\/v2\/pages"}],"about":[{"href":"https:\/\/geoparktransmanche.org\/fr\/wp-json\/wp\/v2\/types\/page"}],"author":[{"embeddable":true,"href":"https:\/\/geoparktransmanche.org\/fr\/wp-json\/wp\/v2\/users\/13"}],"replies":[{"embeddable":true,"href":"https:\/\/geoparktransmanche.org\/fr\/wp-json\/wp\/v2\/comments?post=4637"}],"version-history":[{"count":42,"href":"https:\/\/geoparktransmanche.org\/fr\/wp-json\/wp\/v2\/pages\/4637\/revisions"}],"predecessor-version":[{"id":7659,"href":"https:\/\/geoparktransmanche.org\/fr\/wp-json\/wp\/v2\/pages\/4637\/revisions\/7659"}],"wp:featuredmedia":[{"embeddable":true,"href":"https:\/\/geoparktransmanche.org\/fr\/wp-json\/wp\/v2\/media\/4729"}],"wp:attachment":[{"href":"https:\/\/geoparktransmanche.org\/fr\/wp-json\/wp\/v2\/media?parent=4637"}],"curies":[{"name":"wp","href":"https:\/\/api.w.org\/{rel}","templated":true}]}}