{"id":8103,"date":"2026-03-31T14:14:40","date_gmt":"2026-03-31T14:14:40","guid":{"rendered":"https:\/\/geoparktransmanche.org\/?page_id=8103"},"modified":"2026-03-31T14:19:24","modified_gmt":"2026-03-31T14:19:24","slug":"cafes-geodeo","status":"publish","type":"page","link":"https:\/\/geoparktransmanche.org\/fr\/pedagogie\/cafes-geodeo\/","title":{"rendered":"Caf\u00e9s G\u00e9od\u00e9O"},"content":{"rendered":"<p><strong>Les Caf\u00e9s G\u00e9od\u00e9O : des webinaires pour explorer la g\u00e9odiversit\u00e9<\/strong><\/p>\n<p>Les Caf\u00e9s G\u00e9od\u00e9O sont une s\u00e9rie de webinaires propos\u00e9s tout au long de l\u2019ann\u00e9e pour mieux comprendre et explorer la g\u00e9odiversit\u00e9 des Hauts-de-France.<\/p>\n<p>Ces rencontres en ligne permettent de d\u00e9couvrir les outils G\u00e9od\u00e9O, d\u2019approfondir ses connaissances et d\u2019\u00e9changer autour de th\u00e9matiques li\u00e9es \u00e0 la g\u00e9ologie, aux paysages et au patrimoine naturel r\u00e9gional.<\/p>\n<p>Organis\u00e9s par le <strong><a href=\"https:\/\/www.cen-hautsdefrance.org\/\">Conservatoire d\u2019espaces naturels des Hauts-de-France<\/a><\/strong> et la <strong>DREAL Hauts-de-France<\/strong>, les Caf\u00e9s G\u00e9od\u00e9O invitent r\u00e9guli\u00e8rement des experts qui viennent partager leurs connaissances et leurs travaux lors de pr\u00e9sentations accessibles \u00e0 tous.<\/p>\n<p>Chaque session se d\u00e9roule sous forme de webinaire et offre un temps de pr\u00e9sentation suivi d\u2019\u00e9changes avec les participants. Le nombre de places \u00e9tant limit\u00e9, une inscription pr\u00e9alable est g\u00e9n\u00e9ralement n\u00e9cessaire pour assister \u00e0 la diffusion en direct. Les prochaines sessions sont annonc\u00e9es dans notre <strong><a href=\"https:\/\/geoparktransmanche.org\/fr\/events\/\">agenda<\/a><\/strong>.<\/p>\n<p>&nbsp;<\/p>\n<p><strong>Revoir les Caf\u00e9s G\u00e9od\u00e9O en replay<\/strong><\/p>\n<p>Les webinaires sont enregistr\u00e9s afin de permettre \u00e0 chacun de consulter les interventions apr\u00e8s leur diffusion. Les replays sont accessibles sur <a href=\"https:\/\/www.youtube.com\/@conservatoiredespacesnatur2993\">la cha\u00eene YouTube du Conservatoire<\/a>.<\/p>\n<p>Retrouvez la diffusion du dernier Caf\u00e9 G\u00e9od\u00e9O &#8211; 5 mars 2026 :<\/p>\n<div class=\"video_holder column-block\">\n<div class=\"flex-video widescreen\"><iframe loading=\"lazy\" title=\"Cafe\u0301 Ge\u0301ode\u0301O - 5 mars 2026\" width=\"500\" height=\"281\" src=\"https:\/\/www.youtube.com\/embed\/8ge23gRkVDs?feature=oembed\"  allow=\"accelerometer; autoplay; clipboard-write; encrypted-media; gyroscope; picture-in-picture; web-share\" referrerpolicy=\"strict-origin-when-cross-origin\" allowfullscreen><\/iframe><\/div>\n<\/div>\n","protected":false},"excerpt":{"rendered":"<p>Les Caf\u00e9s G\u00e9od\u00e9O : des webinaires pour explorer la g\u00e9odiversit\u00e9 Les Caf\u00e9s G\u00e9od\u00e9O sont une s\u00e9rie de webinaires propos\u00e9s tout au long de l\u2019ann\u00e9e pour mieux comprendre et explorer la&#8230;<\/p>\n","protected":false},"author":4,"featured_media":0,"parent":2207,"menu_order":0,"comment_status":"closed","ping_status":"closed","template":"","meta":{"_acf_changed":false,"footnotes":""},"class_list":["post-8103","page","type-page","status-publish","hentry"],"acf":[],"yoast_head":"<!-- This site is optimized with the Yoast SEO plugin v27.3 - https:\/\/yoast.com\/product\/yoast-seo-wordpress\/ -->\n<title>Caf\u00e9s G\u00e9od\u00e9O | Geopark Transmanche<\/title>\n<meta name=\"description\" content=\"%\" \/>\n<meta name=\"robots\" content=\"index, follow, max-snippet:-1, max-image-preview:large, max-video-preview:-1\" \/>\n<link rel=\"canonical\" href=\"https:\/\/geoparktransmanche.org\/fr\/pedagogie\/cafes-geodeo\/\" \/>\n<meta property=\"og:locale\" content=\"fr_FR\" \/>\n<meta property=\"og:type\" content=\"article\" \/>\n<meta property=\"og:title\" content=\"Caf\u00e9s G\u00e9od\u00e9O | Geopark Transmanche\" \/>\n<meta property=\"og:description\" content=\"%\" \/>\n<meta property=\"og:url\" content=\"https:\/\/geoparktransmanche.org\/fr\/pedagogie\/cafes-geodeo\/\" \/>\n<meta property=\"og:site_name\" content=\"Geopark Transmanche\" \/>\n<meta property=\"article:publisher\" content=\"https:\/\/www.facebook.com\/geoparktransmanche\" \/>\n<meta property=\"article:modified_time\" content=\"2026-03-31T14:19:24+00:00\" \/>\n<meta name=\"twitter:card\" content=\"summary_large_image\" \/>\n<meta name=\"twitter:label1\" content=\"Dur\u00e9e de lecture estim\u00e9e\" \/>\n\t<meta name=\"twitter:data1\" content=\"1 minute\" \/>\n<script type=\"application\/ld+json\" class=\"yoast-schema-graph\">{\"@context\":\"https:\\\/\\\/schema.org\",\"@graph\":[{\"@type\":\"WebPage\",\"@id\":\"https:\\\/\\\/geoparktransmanche.org\\\/fr\\\/pedagogie\\\/cafes-geodeo\\\/\",\"url\":\"https:\\\/\\\/geoparktransmanche.org\\\/fr\\\/pedagogie\\\/cafes-geodeo\\\/\",\"name\":\"Caf\u00e9s G\u00e9od\u00e9O | Geopark Transmanche\",\"isPartOf\":{\"@id\":\"https:\\\/\\\/geoparktransmanche.org\\\/fr\\\/#website\"},\"datePublished\":\"2026-03-31T14:14:40+00:00\",\"dateModified\":\"2026-03-31T14:19:24+00:00\",\"description\":\"%\",\"breadcrumb\":{\"@id\":\"https:\\\/\\\/geoparktransmanche.org\\\/fr\\\/pedagogie\\\/cafes-geodeo\\\/#breadcrumb\"},\"inLanguage\":\"fr-FR\",\"potentialAction\":[{\"@type\":\"ReadAction\",\"target\":[\"https:\\\/\\\/geoparktransmanche.org\\\/fr\\\/pedagogie\\\/cafes-geodeo\\\/\"]}]},{\"@type\":\"BreadcrumbList\",\"@id\":\"https:\\\/\\\/geoparktransmanche.org\\\/fr\\\/pedagogie\\\/cafes-geodeo\\\/#breadcrumb\",\"itemListElement\":[{\"@type\":\"ListItem\",\"position\":1,\"name\":\"Domicile\",\"item\":\"https:\\\/\\\/geoparktransmanche.org\\\/fr\\\/\"},{\"@type\":\"ListItem\",\"position\":2,\"name\":\"P\u00e9dagogie\",\"item\":\"https:\\\/\\\/geoparktransmanche.org\\\/fr\\\/pedagogie\\\/\"},{\"@type\":\"ListItem\",\"position\":3,\"name\":\"Caf\u00e9s G\u00e9od\u00e9O\"}]},{\"@type\":\"WebSite\",\"@id\":\"https:\\\/\\\/geoparktransmanche.org\\\/fr\\\/#website\",\"url\":\"https:\\\/\\\/geoparktransmanche.org\\\/fr\\\/\",\"name\":\"Geopark Transmanche\",\"description\":\"\",\"potentialAction\":[{\"@type\":\"SearchAction\",\"target\":{\"@type\":\"EntryPoint\",\"urlTemplate\":\"https:\\\/\\\/geoparktransmanche.org\\\/fr\\\/?s={search_term_string}\"},\"query-input\":{\"@type\":\"PropertyValueSpecification\",\"valueRequired\":true,\"valueName\":\"search_term_string\"}}],\"inLanguage\":\"fr-FR\"}]}<\/script>\n<!-- \/ Yoast SEO plugin. -->","yoast_head_json":{"title":"Caf\u00e9s G\u00e9od\u00e9O | Geopark Transmanche","description":"%","robots":{"index":"index","follow":"follow","max-snippet":"max-snippet:-1","max-image-preview":"max-image-preview:large","max-video-preview":"max-video-preview:-1"},"canonical":"https:\/\/geoparktransmanche.org\/fr\/pedagogie\/cafes-geodeo\/","og_locale":"fr_FR","og_type":"article","og_title":"Caf\u00e9s G\u00e9od\u00e9O | Geopark Transmanche","og_description":"%","og_url":"https:\/\/geoparktransmanche.org\/fr\/pedagogie\/cafes-geodeo\/","og_site_name":"Geopark Transmanche","article_publisher":"https:\/\/www.facebook.com\/geoparktransmanche","article_modified_time":"2026-03-31T14:19:24+00:00","twitter_card":"summary_large_image","twitter_misc":{"Dur\u00e9e de lecture estim\u00e9e":"1 minute"},"schema":{"@context":"https:\/\/schema.org","@graph":[{"@type":"WebPage","@id":"https:\/\/geoparktransmanche.org\/fr\/pedagogie\/cafes-geodeo\/","url":"https:\/\/geoparktransmanche.org\/fr\/pedagogie\/cafes-geodeo\/","name":"Caf\u00e9s G\u00e9od\u00e9O | Geopark Transmanche","isPartOf":{"@id":"https:\/\/geoparktransmanche.org\/fr\/#website"},"datePublished":"2026-03-31T14:14:40+00:00","dateModified":"2026-03-31T14:19:24+00:00","description":"%","breadcrumb":{"@id":"https:\/\/geoparktransmanche.org\/fr\/pedagogie\/cafes-geodeo\/#breadcrumb"},"inLanguage":"fr-FR","potentialAction":[{"@type":"ReadAction","target":["https:\/\/geoparktransmanche.org\/fr\/pedagogie\/cafes-geodeo\/"]}]},{"@type":"BreadcrumbList","@id":"https:\/\/geoparktransmanche.org\/fr\/pedagogie\/cafes-geodeo\/#breadcrumb","itemListElement":[{"@type":"ListItem","position":1,"name":"Domicile","item":"https:\/\/geoparktransmanche.org\/fr\/"},{"@type":"ListItem","position":2,"name":"P\u00e9dagogie","item":"https:\/\/geoparktransmanche.org\/fr\/pedagogie\/"},{"@type":"ListItem","position":3,"name":"Caf\u00e9s G\u00e9od\u00e9O"}]},{"@type":"WebSite","@id":"https:\/\/geoparktransmanche.org\/fr\/#website","url":"https:\/\/geoparktransmanche.org\/fr\/","name":"Geopark Transmanche","description":"","potentialAction":[{"@type":"SearchAction","target":{"@type":"EntryPoint","urlTemplate":"https:\/\/geoparktransmanche.org\/fr\/?s={search_term_string}"},"query-input":{"@type":"PropertyValueSpecification","valueRequired":true,"valueName":"search_term_string"}}],"inLanguage":"fr-FR"}]}},"_links":{"self":[{"href":"https:\/\/geoparktransmanche.org\/fr\/wp-json\/wp\/v2\/pages\/8103","targetHints":{"allow":["GET"]}}],"collection":[{"href":"https:\/\/geoparktransmanche.org\/fr\/wp-json\/wp\/v2\/pages"}],"about":[{"href":"https:\/\/geoparktransmanche.org\/fr\/wp-json\/wp\/v2\/types\/page"}],"author":[{"embeddable":true,"href":"https:\/\/geoparktransmanche.org\/fr\/wp-json\/wp\/v2\/users\/4"}],"replies":[{"embeddable":true,"href":"https:\/\/geoparktransmanche.org\/fr\/wp-json\/wp\/v2\/comments?post=8103"}],"version-history":[{"count":1,"href":"https:\/\/geoparktransmanche.org\/fr\/wp-json\/wp\/v2\/pages\/8103\/revisions"}],"predecessor-version":[{"id":8104,"href":"https:\/\/geoparktransmanche.org\/fr\/wp-json\/wp\/v2\/pages\/8103\/revisions\/8104"}],"up":[{"embeddable":true,"href":"https:\/\/geoparktransmanche.org\/fr\/wp-json\/wp\/v2\/pages\/2207"}],"wp:attachment":[{"href":"https:\/\/geoparktransmanche.org\/fr\/wp-json\/wp\/v2\/media?parent=8103"}],"curies":[{"name":"wp","href":"https:\/\/api.w.org\/{rel}","templated":true}]}}